{"id":132,"date":"2025-04-21T02:33:10","date_gmt":"2025-04-21T02:33:10","guid":{"rendered":"https:\/\/demo.casethemes.net\/consultio-immigration\/?page_id=132"},"modified":"2025-07-21T11:49:39","modified_gmt":"2025-07-21T08:49:39","slug":"blog","status":"publish","type":"page","link":"https:\/\/tapports.com\/en\/blog\/","title":{"rendered":"Blog"},"content":{"rendered":"<div data-elementor-type=\"wp-page\" data-elementor-id=\"132\" class=\"elementor elementor-132\">\n\t\t\t\t<div class=\"elementor-element elementor-element-0e9a0e4 e-flex e-con-boxed e-con e-parent\" data-id=\"0e9a0e4\" data-element_type=\"container\" data-e-type=\"container\">\n\t\t\t\t\t<div class=\"e-con-inner\">\n\t\t\t\t<div class=\"elementor-element elementor-element-97a74fb elementor-widget elementor-widget-ct_blog_grid\" data-id=\"97a74fb\" data-element_type=\"widget\" data-e-type=\"widget\" data-widget_type=\"ct_blog_grid.default\">\n\t\t\t\t<div class=\"elementor-widget-container\">\n\t\t\t\t\t\r\n<div id=\"ct_blog_grid-97a74fb\" class=\"ct-grid ct-blog-grid ct-blog-grid-layout1\" data-layout=\"masonry\" data-start-page=\"1\" data-max-pages=\"2\" data-total=\"5\" data-perpage=\"4\" data-next-link=\"https:\/\/tapports.com\/en\/wp-json\/wp\/v2\/pages\/132\/page\/2\/\">\r\n    <div class=\"ct-grid-overlay\"><\/div>\r\n    \r\n    <div class=\"ct-grid-inner ct-grid-masonry row animate-time\" data-gutter=\"15\">\r\n                    <div class=\"grid-sizer col-xl-6 col-lg-6 col-md-4 col-sm-6 col-12\"><\/div>\r\n                                <div class=\"grid-item col-xl-6 col-lg-6 col-md-4 col-sm-6 col-12 filter-category-1\">\r\n                    <div class=\"grid-item-inner\">\r\n                                                    <div class=\"entry-featured\">\r\n                                <a href=\"https:\/\/tapports.com\/en\/kuresel-donusumde-turkiye-cin-stratejisi-gelecegin-ticaret-haritasi\/\"><img fetchpriority=\"high\" decoding=\"async\" class=\"disable-lazy no-lazyload\" src=\"https:\/\/tapports.com\/wp-content\/uploads\/2025\/07\/Turkiye-Cin-Stratejik-Ticaret-Raporu-2025ten-2030a-Yol-Haritasi-600x414.jpg\" width=\"600\" height=\"414\" alt=\"T\u00fcrkiye-\u00c7in Stratejik Ticaret Raporu 2025&#039;ten 2030&#039;a Yol Haritas\u0131\" title=\"Turkey-China Strategic Trade Report Roadmap from 2025 to 2030\" \/><\/a>\r\n                            <\/div>\r\n                                                <div class=\"entry-body\">\r\n                            <div class=\"entry-holder\">\r\n                                                                <h3 class=\"entry-title\"><a href=\"https:\/\/tapports.com\/en\/kuresel-donusumde-turkiye-cin-stratejisi-gelecegin-ticaret-haritasi\/\">Turkey-China Strategy in Global Transformation: Trade Map of the Future<\/a><\/h3>\r\n                                                                    <div class=\"entry-readmore\">\r\n                                        <a href=\"https:\/\/tapports.com\/en\/kuresel-donusumde-turkiye-cin-stratejisi-gelecegin-ticaret-haritasi\/\">\r\n                                            Read More                                            <i class=\"fac fac-angle-double-right space-left\"><\/i>\r\n                                        <\/a>\r\n                                    <\/div>\r\n                                                            <\/div>\r\n                        <\/div>\r\n                    <\/div>\r\n                <\/div>\r\n                            <div class=\"grid-item col-xl-6 col-lg-6 col-md-4 col-sm-6 col-12 filter-category-35\">\r\n                    <div class=\"grid-item-inner\">\r\n                                                    <div class=\"entry-featured\">\r\n                                <a href=\"https:\/\/tapports.com\/en\/danismanlik-hizmeti-alirken-nelere-dikkat-etmelisiniz\/\"><img decoding=\"async\" class=\"disable-lazy no-lazyload\" src=\"https:\/\/tapports.com\/wp-content\/uploads\/2025\/04\/16-600x414.jpg\" width=\"600\" height=\"414\" alt=\"16\" title=\"16\" \/><\/a>\r\n                            <\/div>\r\n                                                <div class=\"entry-body\">\r\n                            <div class=\"entry-holder\">\r\n                                                                <h3 class=\"entry-title\"><a href=\"https:\/\/tapports.com\/en\/danismanlik-hizmeti-alirken-nelere-dikkat-etmelisiniz\/\">What Should You Pay Attention to When Getting Counselling Service?<\/a><\/h3>\r\n                                                                    <div class=\"entry-readmore\">\r\n                                        <a href=\"https:\/\/tapports.com\/en\/danismanlik-hizmeti-alirken-nelere-dikkat-etmelisiniz\/\">\r\n                                            Read More                                            <i class=\"fac fac-angle-double-right space-left\"><\/i>\r\n                                        <\/a>\r\n                                    <\/div>\r\n                                                            <\/div>\r\n                        <\/div>\r\n                    <\/div>\r\n                <\/div>\r\n                            <div class=\"grid-item col-xl-6 col-lg-6 col-md-4 col-sm-6 col-12 filter-category-35\">\r\n                    <div class=\"grid-item-inner\">\r\n                                                    <div class=\"entry-featured\">\r\n                                <a href=\"https:\/\/tapports.com\/en\/basarili-bir-fuar-hazirligi-icin-adim-adim-rehber\/\"><img decoding=\"async\" class=\"disable-lazy no-lazyload\" src=\"https:\/\/tapports.com\/wp-content\/uploads\/2025\/04\/13-600x414.jpg\" width=\"600\" height=\"414\" alt=\"13\" title=\"13\" \/><\/a>\r\n                            <\/div>\r\n                                                <div class=\"entry-body\">\r\n                            <div class=\"entry-holder\">\r\n                                                                <h3 class=\"entry-title\"><a href=\"https:\/\/tapports.com\/en\/basarili-bir-fuar-hazirligi-icin-adim-adim-rehber\/\">A Step-by-Step Guide for Successful Fair Preparation<\/a><\/h3>\r\n                                                                    <div class=\"entry-readmore\">\r\n                                        <a href=\"https:\/\/tapports.com\/en\/basarili-bir-fuar-hazirligi-icin-adim-adim-rehber\/\">\r\n                                            Read More                                            <i class=\"fac fac-angle-double-right space-left\"><\/i>\r\n                                        <\/a>\r\n                                    <\/div>\r\n                                                            <\/div>\r\n                        <\/div>\r\n                    <\/div>\r\n                <\/div>\r\n                            <div class=\"grid-item col-xl-6 col-lg-6 col-md-4 col-sm-6 col-12 filter-category-35\">\r\n                    <div class=\"grid-item-inner\">\r\n                                                    <div class=\"entry-featured\">\r\n                                <a href=\"https:\/\/tapports.com\/en\/ithalat-sureclerinde-dikkat-edilmesi-gereken-7-kritik-nokta\/\"><img loading=\"lazy\" decoding=\"async\" class=\"disable-lazy no-lazyload\" src=\"https:\/\/tapports.com\/wp-content\/uploads\/2025\/04\/14-600x414.jpg\" width=\"600\" height=\"414\" alt=\"14\" title=\"14\" \/><\/a>\r\n                            <\/div>\r\n                                                <div class=\"entry-body\">\r\n                            <div class=\"entry-holder\">\r\n                                                                <h3 class=\"entry-title\"><a href=\"https:\/\/tapports.com\/en\/ithalat-sureclerinde-dikkat-edilmesi-gereken-7-kritik-nokta\/\">7 Critical Points to Consider in Import Processes<\/a><\/h3>\r\n                                                                    <div class=\"entry-readmore\">\r\n                                        <a href=\"https:\/\/tapports.com\/en\/ithalat-sureclerinde-dikkat-edilmesi-gereken-7-kritik-nokta\/\">\r\n                                            Read More                                            <i class=\"fac fac-angle-double-right space-left\"><\/i>\r\n                                        <\/a>\r\n                                    <\/div>\r\n                                                            <\/div>\r\n                        <\/div>\r\n                    <\/div>\r\n                <\/div>\r\n                <\/div>\r\n        <\/div>\t\t\t\t<\/div>\n\t\t\t\t<\/div>\n\t\t\t\t\t<\/div>\n\t\t\t\t<\/div>\n\t\t<div class=\"elementor-element elementor-element-6c106be e-flex e-con-boxed e-con e-parent\" data-id=\"6c106be\" data-element_type=\"container\" data-e-type=\"container\">\n\t\t\t\t\t<div class=\"e-con-inner\">\n\t\t\t\t<div class=\"elementor-element elementor-element-9620590 elementor-widget elementor-widget-ct_about_us\" data-id=\"9620590\" data-element_type=\"widget\" data-e-type=\"widget\" data-widget_type=\"ct_about_us.default\">\n\t\t\t\t<div class=\"elementor-widget-container\">\n\t\t\t\t\t<div class=\"ct-about-us\">\r\n\t<div class=\"ct-about-left\">\r\n\t\t\t<\/div>\r\n\t<div class=\"ct-about-right\">\r\n\t\t<div class=\"ct-about-holder\">\r\n\t        <div class=\"ct-about-subtitle\"><span><\/span><\/div>\r\n\t        <h3 class=\"ct-about-title\"><\/h3>\r\n\t        <div class=\"ct-about-desc\"><\/div>\r\n\t        \t    <\/div>\r\n\t<\/div>\r\n<\/div>\t\t\t\t<\/div>\n\t\t\t\t<\/div>\n\t\t\t\t\t<\/div>\n\t\t\t\t<\/div>\n\t\t\t\t<\/div>","protected":false},"excerpt":{"rendered":"<p>What Should You Pay Attention to When Getting Consultancy Service? Devam\u0131n\u0131 Oku Step-by-Step Guide for a Successful Fair Preparation Devam\u0131n\u0131 Oku 7 Critical Points to Consider in Import Processes Devam\u0131n\u0131 Oku How to Determine the Right Software Solution for Your Company? Read More Read More<\/p>","protected":false},"author":2,"featured_media":0,"parent":0,"menu_order":0,"comment_status":"closed","ping_status":"closed","template":"","meta":{"footnotes":""},"class_list":["post-132","page","type-page","status-publish","hentry"],"yoast_head":"<!-- This site is optimized with the Yoast SEO Premium plugin v22.5 (Yoast SEO v25.0) - https:\/\/yoast.com\/wordpress\/plugins\/seo\/ -->\n<title>Blog - TAPPORTS<\/title>\n<meta name=\"robots\" content=\"index, follow, max-snippet:-1, max-image-preview:large, max-video-preview:-1\" \/>\n<link rel=\"canonical\" href=\"https:\/\/tapports.com\/en\/blog\/\" \/>\n<meta property=\"og:locale\" content=\"en_GB\" \/>\n<meta property=\"og:type\" content=\"article\" \/>\n<meta property=\"og:title\" content=\"Blog\" \/>\n<meta property=\"og:description\" content=\"Dan\u0131\u015fmanl\u0131k Hizmeti Al\u0131rken Nelere Dikkat Etmelisiniz? Devam\u0131n\u0131 Oku Ba\u015far\u0131l\u0131 Bir Fuar Haz\u0131rl\u0131\u011f\u0131 \u0130\u00e7in Ad\u0131m Ad\u0131m Rehber Devam\u0131n\u0131 Oku \u0130thalat S\u00fcre\u00e7lerinde Dikkat Edilmesi Gereken 7 Kritik Nokta Devam\u0131n\u0131 Oku \u015eirketiniz \u0130\u00e7in Do\u011fru Yaz\u0131l\u0131m \u00c7\u00f6z\u00fcm\u00fcn\u00fc Nas\u0131l Belirlersiniz? Devam\u0131n\u0131 Oku\" \/>\n<meta property=\"og:url\" content=\"https:\/\/tapports.com\/en\/blog\/\" \/>\n<meta property=\"og:site_name\" content=\"TAPPORTS\" \/>\n<meta property=\"article:modified_time\" content=\"2025-07-21T08:49:39+00:00\" \/>\n<meta property=\"og:image\" content=\"http:\/\/tapports.com\/wp-content\/uploads\/2025\/04\/16-600x414.jpg\" \/>\n<meta name=\"twitter:card\" content=\"summary_large_image\" \/>\n<meta name=\"twitter:label1\" content=\"Estimated reading time\" \/>\n\t<meta name=\"twitter:data1\" content=\"2 minutes\" \/>\n<script type=\"application\/ld+json\" class=\"yoast-schema-graph\">{\"@context\":\"https:\/\/schema.org\",\"@graph\":[{\"@type\":\"WebPage\",\"@id\":\"https:\/\/tapports.com\/blog\/\",\"url\":\"https:\/\/tapports.com\/blog\/\",\"name\":\"Blog - TAPPORTS\",\"isPartOf\":{\"@id\":\"https:\/\/tapports.com\/#website\"},\"primaryImageOfPage\":{\"@id\":\"https:\/\/tapports.com\/blog\/#primaryimage\"},\"image\":{\"@id\":\"https:\/\/tapports.com\/blog\/#primaryimage\"},\"thumbnailUrl\":\"http:\/\/tapports.com\/wp-content\/uploads\/2025\/04\/16-600x414.jpg\",\"datePublished\":\"2025-04-21T02:33:10+00:00\",\"dateModified\":\"2025-07-21T08:49:39+00:00\",\"breadcrumb\":{\"@id\":\"https:\/\/tapports.com\/blog\/#breadcrumb\"},\"inLanguage\":\"en-GB\",\"potentialAction\":[{\"@type\":\"ReadAction\",\"target\":[\"https:\/\/tapports.com\/blog\/\"]}]},{\"@type\":\"ImageObject\",\"inLanguage\":\"en-GB\",\"@id\":\"https:\/\/tapports.com\/blog\/#primaryimage\",\"url\":\"http:\/\/tapports.com\/wp-content\/uploads\/2025\/04\/16-600x414.jpg\",\"contentUrl\":\"http:\/\/tapports.com\/wp-content\/uploads\/2025\/04\/16-600x414.jpg\"},{\"@type\":\"BreadcrumbList\",\"@id\":\"https:\/\/tapports.com\/blog\/#breadcrumb\",\"itemListElement\":[{\"@type\":\"ListItem\",\"position\":1,\"name\":\"Home\",\"item\":\"https:\/\/tapports.com\/\"},{\"@type\":\"ListItem\",\"position\":2,\"name\":\"Blog\"}]},{\"@type\":\"WebSite\",\"@id\":\"https:\/\/tapports.com\/#website\",\"url\":\"https:\/\/tapports.com\/\",\"name\":\"TAPPORTS\",\"description\":\"Teknolojik Altyap\u0131 | Operasyonel Destek | Stratejik Dan\u0131\u015fmanl\u0131k\",\"publisher\":{\"@id\":\"https:\/\/tapports.com\/#organization\"},\"alternateName\":\"Tapports | Teknolojik Altyap\u0131 | Operasyonel Destek | Stratejik Dan\u0131\u015fmanl\u0131k\",\"potentialAction\":[{\"@type\":\"SearchAction\",\"target\":{\"@type\":\"EntryPoint\",\"urlTemplate\":\"https:\/\/tapports.com\/?s={search_term_string}\"},\"query-input\":{\"@type\":\"PropertyValueSpecification\",\"valueRequired\":true,\"valueName\":\"search_term_string\"}}],\"inLanguage\":\"en-GB\"},{\"@type\":\"Organization\",\"@id\":\"https:\/\/tapports.com\/#organization\",\"name\":\"Tapports\",\"alternateName\":\"Tapports Global \u0130\u015f \u00c7\u00f6z\u00fcmleri\",\"url\":\"https:\/\/tapports.com\/\",\"logo\":{\"@type\":\"ImageObject\",\"inLanguage\":\"en-GB\",\"@id\":\"https:\/\/tapports.com\/#\/schema\/logo\/image\/\",\"url\":\"https:\/\/tapports.com\/wp-content\/uploads\/2019\/10\/azazaz.png\",\"contentUrl\":\"https:\/\/tapports.com\/wp-content\/uploads\/2019\/10\/azazaz.png\",\"width\":171,\"height\":171,\"caption\":\"Tapports\"},\"image\":{\"@id\":\"https:\/\/tapports.com\/#\/schema\/logo\/image\/\"},\"sameAs\":[\"https:\/\/www.instagram.com\/tapportsglobal\/\",\"https:\/\/www.linkedin.com\/company\/tapports-d\u0131\u015f-ticaret-ve-uluslararas\u0131-i\u0307\u015f-geli\u015ftirme\/\"],\"description\":\"Tapports, teknolojik altyap\u0131, operasyonel destek ve stratejik dan\u0131\u015fmanl\u0131k hizmetleriyle i\u015fletmelere verimli ve g\u00fcvenilir \u00e7\u00f6z\u00fcmler sunar.\",\"email\":\"info@tapports.com\",\"telephone\":\"0 541 632 45 01\",\"legalName\":\"TAPPORTS\"}]}<\/script>\n<!-- \/ Yoast SEO Premium plugin. -->","yoast_head_json":{"title":"Blog - TAPPORTS","robots":{"index":"index","follow":"follow","max-snippet":"max-snippet:-1","max-image-preview":"max-image-preview:large","max-video-preview":"max-video-preview:-1"},"canonical":"https:\/\/tapports.com\/en\/blog\/","og_locale":"en_GB","og_type":"article","og_title":"Blog","og_description":"Dan\u0131\u015fmanl\u0131k Hizmeti Al\u0131rken Nelere Dikkat Etmelisiniz? Devam\u0131n\u0131 Oku Ba\u015far\u0131l\u0131 Bir Fuar Haz\u0131rl\u0131\u011f\u0131 \u0130\u00e7in Ad\u0131m Ad\u0131m Rehber Devam\u0131n\u0131 Oku \u0130thalat S\u00fcre\u00e7lerinde Dikkat Edilmesi Gereken 7 Kritik Nokta Devam\u0131n\u0131 Oku \u015eirketiniz \u0130\u00e7in Do\u011fru Yaz\u0131l\u0131m \u00c7\u00f6z\u00fcm\u00fcn\u00fc Nas\u0131l Belirlersiniz? Devam\u0131n\u0131 Oku","og_url":"https:\/\/tapports.com\/en\/blog\/","og_site_name":"TAPPORTS","article_modified_time":"2025-07-21T08:49:39+00:00","og_image":[{"url":"http:\/\/tapports.com\/wp-content\/uploads\/2025\/04\/16-600x414.jpg","type":"","width":"","height":""}],"twitter_card":"summary_large_image","twitter_misc":{"Estimated reading time":"2 minutes"},"schema":{"@context":"https:\/\/schema.org","@graph":[{"@type":"WebPage","@id":"https:\/\/tapports.com\/blog\/","url":"https:\/\/tapports.com\/blog\/","name":"Blog - TAPPORTS","isPartOf":{"@id":"https:\/\/tapports.com\/#website"},"primaryImageOfPage":{"@id":"https:\/\/tapports.com\/blog\/#primaryimage"},"image":{"@id":"https:\/\/tapports.com\/blog\/#primaryimage"},"thumbnailUrl":"http:\/\/tapports.com\/wp-content\/uploads\/2025\/04\/16-600x414.jpg","datePublished":"2025-04-21T02:33:10+00:00","dateModified":"2025-07-21T08:49:39+00:00","breadcrumb":{"@id":"https:\/\/tapports.com\/blog\/#breadcrumb"},"inLanguage":"en-GB","potentialAction":[{"@type":"ReadAction","target":["https:\/\/tapports.com\/blog\/"]}]},{"@type":"ImageObject","inLanguage":"en-GB","@id":"https:\/\/tapports.com\/blog\/#primaryimage","url":"http:\/\/tapports.com\/wp-content\/uploads\/2025\/04\/16-600x414.jpg","contentUrl":"http:\/\/tapports.com\/wp-content\/uploads\/2025\/04\/16-600x414.jpg"},{"@type":"BreadcrumbList","@id":"https:\/\/tapports.com\/blog\/#breadcrumb","itemListElement":[{"@type":"ListItem","position":1,"name":"Home","item":"https:\/\/tapports.com\/"},{"@type":"ListItem","position":2,"name":"Blog"}]},{"@type":"WebSite","@id":"https:\/\/tapports.com\/#website","url":"https:\/\/tapports.com\/","name":"TAPPORTS","description":"Teknolojik Altyap\u0131 | Operasyonel Destek | Stratejik Dan\u0131\u015fmanl\u0131k","publisher":{"@id":"https:\/\/tapports.com\/#organization"},"alternateName":"Tapports | Teknolojik Altyap\u0131 | Operasyonel Destek | Stratejik Dan\u0131\u015fmanl\u0131k","potentialAction":[{"@type":"SearchAction","target":{"@type":"EntryPoint","urlTemplate":"https:\/\/tapports.com\/?s={search_term_string}"},"query-input":{"@type":"PropertyValueSpecification","valueRequired":true,"valueName":"search_term_string"}}],"inLanguage":"en-GB"},{"@type":"Organization","@id":"https:\/\/tapports.com\/#organization","name":"Tapports","alternateName":"Tapports Global \u0130\u015f \u00c7\u00f6z\u00fcmleri","url":"https:\/\/tapports.com\/","logo":{"@type":"ImageObject","inLanguage":"en-GB","@id":"https:\/\/tapports.com\/#\/schema\/logo\/image\/","url":"https:\/\/tapports.com\/wp-content\/uploads\/2019\/10\/azazaz.png","contentUrl":"https:\/\/tapports.com\/wp-content\/uploads\/2019\/10\/azazaz.png","width":171,"height":171,"caption":"Tapports"},"image":{"@id":"https:\/\/tapports.com\/#\/schema\/logo\/image\/"},"sameAs":["https:\/\/www.instagram.com\/tapportsglobal\/","https:\/\/www.linkedin.com\/company\/tapports-d\u0131\u015f-ticaret-ve-uluslararas\u0131-i\u0307\u015f-geli\u015ftirme\/"],"description":"Tapports, teknolojik altyap\u0131, operasyonel destek ve stratejik dan\u0131\u015fmanl\u0131k hizmetleriyle i\u015fletmelere verimli ve g\u00fcvenilir \u00e7\u00f6z\u00fcmler sunar.","email":"info@tapports.com","telephone":"0 541 632 45 01","legalName":"TAPPORTS"}]}},"_links":{"self":[{"href":"https:\/\/tapports.com\/en\/wp-json\/wp\/v2\/pages\/132","targetHints":{"allow":["GET"]}}],"collection":[{"href":"https:\/\/tapports.com\/en\/wp-json\/wp\/v2\/pages"}],"about":[{"href":"https:\/\/tapports.com\/en\/wp-json\/wp\/v2\/types\/page"}],"author":[{"embeddable":true,"href":"https:\/\/tapports.com\/en\/wp-json\/wp\/v2\/users\/2"}],"replies":[{"embeddable":true,"href":"https:\/\/tapports.com\/en\/wp-json\/wp\/v2\/comments?post=132"}],"version-history":[{"count":3,"href":"https:\/\/tapports.com\/en\/wp-json\/wp\/v2\/pages\/132\/revisions"}],"predecessor-version":[{"id":6398,"href":"https:\/\/tapports.com\/en\/wp-json\/wp\/v2\/pages\/132\/revisions\/6398"}],"wp:attachment":[{"href":"https:\/\/tapports.com\/en\/wp-json\/wp\/v2\/media?parent=132"}],"curies":[{"name":"wp","href":"https:\/\/api.w.org\/{rel}","templated":true}]}}