{"id":24,"date":"2025-04-21T08:04:10","date_gmt":"2025-04-21T08:04:10","guid":{"rendered":"https:\/\/demo.casethemes.net\/consultio-immigration\/?page_id=24"},"modified":"2025-07-21T12:07:52","modified_gmt":"2025-07-21T09:07:52","slug":"iletisim","status":"publish","type":"page","link":"https:\/\/tapports.com\/en\/iletisim\/","title":{"rendered":"Contact"},"content":{"rendered":"<div data-elementor-type=\"wp-page\" data-elementor-id=\"24\" class=\"elementor elementor-24\">\n\t\t\t\t        <section class=\"elementor-section elementor-top-section elementor-element elementor-element-99fbaeb elementor-section-boxed elementor-section-height-default elementor-section-height-default ct-header-fixed-none ct-row-max-none\" data-id=\"99fbaeb\" data-element_type=\"section\" data-e-type=\"section\">\n            \n                        <div class=\"elementor-container elementor-column-gap-extended\">\n                    <div class=\"elementor-column elementor-col-25 elementor-top-column elementor-element elementor-element-e818542\" data-id=\"e818542\" data-element_type=\"column\" data-e-type=\"column\">\n        <div class=\"elementor-widget-wrap elementor-element-populated\">\n                    \n        \t\t<div class=\"elementor-element elementor-element-c8a2f48 elementor-widget elementor-widget-ct_fancy_box\" data-id=\"c8a2f48\" data-element_type=\"widget\" data-e-type=\"widget\" data-widget_type=\"ct_fancy_box.default\">\n\t\t\t\t<div class=\"elementor-widget-container\">\n\t\t\t\t\t<div class=\"ct-fancy-box ct-fancy-box-layout1 style1\" data-wow-delay=\"ms\">\r\n            <div class=\"item--icon\">\r\n            <span class=\"item--shape\"><\/span>\r\n            <i aria-hidden=\"true\" class=\"fas fa-map-marker-alt\"><\/i>                            <a class=\"item--link\" href=\"#\"><\/a>\r\n                    <\/div>\r\n            <div class=\"item--holder\">\r\n                    <h3 class=\"item--title\">\r\n                China Office Address            <\/h3>\r\n                <div class=\"item--description\">Runhui Science Park, Nanhai District, Foshan City, Guangdong Province <\/div>\r\n    <\/div>\r\n<\/div>\t\t\t\t<\/div>\n\t\t\t\t<\/div>\n\t\t            <\/div>\n        <\/div>\n                <div class=\"elementor-column elementor-col-25 elementor-top-column elementor-element elementor-element-9001d99\" data-id=\"9001d99\" data-element_type=\"column\" data-e-type=\"column\">\n        <div class=\"elementor-widget-wrap elementor-element-populated\">\n                    \n        \t\t<div class=\"elementor-element elementor-element-583429b elementor-widget elementor-widget-ct_fancy_box\" data-id=\"583429b\" data-element_type=\"widget\" data-e-type=\"widget\" data-widget_type=\"ct_fancy_box.default\">\n\t\t\t\t<div class=\"elementor-widget-container\">\n\t\t\t\t\t<div class=\"ct-fancy-box ct-fancy-box-layout1 style1\" data-wow-delay=\"ms\">\r\n            <div class=\"item--icon\">\r\n            <span class=\"item--shape\"><\/span>\r\n            <i aria-hidden=\"true\" class=\"fas fa-map-marker-alt\"><\/i>                            <a class=\"item--link\" href=\"#\"><\/a>\r\n                    <\/div>\r\n            <div class=\"item--holder\">\r\n                    <h3 class=\"item--title\">\r\n                Turkey Office Address            <\/h3>\r\n                <div class=\"item--description\">Yenimahalle Martyr Commando Private Mehmet Savunmaz Sk.    B Blok N.41\/C Yunusemre Manisa<\/div>\r\n    <\/div>\r\n<\/div>\t\t\t\t<\/div>\n\t\t\t\t<\/div>\n\t\t            <\/div>\n        <\/div>\n                <div class=\"elementor-column elementor-col-25 elementor-top-column elementor-element elementor-element-d5f3e79\" data-id=\"d5f3e79\" data-element_type=\"column\" data-e-type=\"column\">\n        <div class=\"elementor-widget-wrap elementor-element-populated\">\n                    \n        \t\t<div class=\"elementor-element elementor-element-9e16110 elementor-widget elementor-widget-ct_fancy_box\" data-id=\"9e16110\" data-element_type=\"widget\" data-e-type=\"widget\" data-widget_type=\"ct_fancy_box.default\">\n\t\t\t\t<div class=\"elementor-widget-container\">\n\t\t\t\t\t<div class=\"ct-fancy-box ct-fancy-box-layout1 style1\" data-wow-delay=\"ms\">\r\n            <div class=\"item--icon\">\r\n            <span class=\"item--shape\"><\/span>\r\n            <i aria-hidden=\"true\" class=\"fas fa-phone-alt\"><\/i>                            <a class=\"item--link\" href=\"tel:0 541 632 45 01\"><\/a>\r\n                    <\/div>\r\n            <div class=\"item--holder\">\r\n                    <h3 class=\"item--title\">\r\n                Call Us            <\/h3>\r\n                <div class=\"item--description\"><a href=\"tel:0 541 632 45 01\">0 541 632 45 01<\/a><\/div>\r\n    <\/div>\r\n<\/div>\t\t\t\t<\/div>\n\t\t\t\t<\/div>\n\t\t            <\/div>\n        <\/div>\n                <div class=\"elementor-column elementor-col-25 elementor-top-column elementor-element elementor-element-729a4d3\" data-id=\"729a4d3\" data-element_type=\"column\" data-e-type=\"column\">\n        <div class=\"elementor-widget-wrap elementor-element-populated\">\n                    \n        \t\t<div class=\"elementor-element elementor-element-485cc85 elementor-widget elementor-widget-ct_fancy_box\" data-id=\"485cc85\" data-element_type=\"widget\" data-e-type=\"widget\" data-widget_type=\"ct_fancy_box.default\">\n\t\t\t\t<div class=\"elementor-widget-container\">\n\t\t\t\t\t<div class=\"ct-fancy-box ct-fancy-box-layout1 style1\" data-wow-delay=\"ms\">\r\n            <div class=\"item--icon\">\r\n            <span class=\"item--shape\"><\/span>\r\n            <i aria-hidden=\"true\" class=\"fas fa-envelope\"><\/i>                            <a class=\"item--link\" href=\"mailto:info@tapports.com\"><\/a>\r\n                    <\/div>\r\n            <div class=\"item--holder\">\r\n                    <h3 class=\"item--title\">\r\n                Send Mail For Information            <\/h3>\r\n                <div class=\"item--description\"><a href=\"mailto:info@tapports.com\">info@tapports.com<\/a><\/div>\r\n    <\/div>\r\n<\/div>\t\t\t\t<\/div>\n\t\t\t\t<\/div>\n\t\t            <\/div>\n        <\/div>\n                    <\/div>\n        <\/section>\n                <section class=\"elementor-section elementor-top-section elementor-element elementor-element-d8bdc5a elementor-section-boxed elementor-section-height-default elementor-section-height-default ct-header-fixed-none ct-row-max-none\" data-id=\"d8bdc5a\" data-element_type=\"section\" data-e-type=\"section\">\n            \n                        <div class=\"elementor-container elementor-column-gap-extended\">\n                    <div class=\"elementor-column elementor-col-50 elementor-top-column elementor-element elementor-element-13f51f0\" data-id=\"13f51f0\" data-element_type=\"column\" data-e-type=\"column\">\n        <div class=\"elementor-widget-wrap elementor-element-populated\">\n                    \n        \t\t<div class=\"elementor-element elementor-element-12c802c elementor-widget elementor-widget-image\" data-id=\"12c802c\" data-element_type=\"widget\" data-e-type=\"widget\" data-widget_type=\"image.default\">\n\t\t\t\t<div class=\"elementor-widget-container\">\n\t\t\t\t\t\t\t\t\t\t\t\t\t\t\t<img fetchpriority=\"high\" decoding=\"async\" width=\"1115\" height=\"812\" src=\"https:\/\/tapports.com\/wp-content\/uploads\/2025\/04\/WhatsApp-Image-2025-04-10-at-22.50.48-1-1.jpeg\" class=\"attachment-full size-full wp-image-6033\" alt=\"\" srcset=\"https:\/\/tapports.com\/wp-content\/uploads\/2025\/04\/WhatsApp-Image-2025-04-10-at-22.50.48-1-1.jpeg 1115w, https:\/\/tapports.com\/wp-content\/uploads\/2025\/04\/WhatsApp-Image-2025-04-10-at-22.50.48-1-1-300x218.jpeg 300w, https:\/\/tapports.com\/wp-content\/uploads\/2025\/04\/WhatsApp-Image-2025-04-10-at-22.50.48-1-1-1024x746.jpeg 1024w, https:\/\/tapports.com\/wp-content\/uploads\/2025\/04\/WhatsApp-Image-2025-04-10-at-22.50.48-1-1-768x559.jpeg 768w\" sizes=\"(max-width: 1115px) 100vw, 1115px\" \/>\t\t\t\t\t\t\t\t\t\t\t\t\t\t\t<\/div>\n\t\t\t\t<\/div>\n\t\t            <\/div>\n        <\/div>\n                <div class=\"elementor-column elementor-col-50 elementor-top-column elementor-element elementor-element-4c2fc51\" data-id=\"4c2fc51\" data-element_type=\"column\" data-e-type=\"column\">\n        <div class=\"elementor-widget-wrap elementor-element-populated\">\n                    \n        \t\t<div class=\"elementor-element elementor-element-d6bfcba elementor-widget elementor-widget-ct_heading\" data-id=\"d6bfcba\" data-element_type=\"widget\" data-e-type=\"widget\" data-widget_type=\"ct_heading.default\">\n\t\t\t\t<div class=\"elementor-widget-container\">\n\t\t\t\t\t<div id=\"ct_heading-d6bfcba\" class=\"ct-heading h-align- sub-style1 ct-heading-left item-st-line-left2\">\r\n\t<div class=\"ct-item--inner\">\r\n        <div class=\"ct-inline-css\"  data-css=\"            \">\r\n        <\/div>\r\n                <h3 class=\"item--title st-line-left2 case-animate-time\" data-wow-delay=\"ms\">\r\n                        <span class=\"sp-main\">\r\n                                    <i><\/i>\r\n                \r\n                How Can We Help You?\r\n                \r\n                            <\/span>\r\n                    <\/h3>\r\n    <\/div>\r\n<\/div>\t\t\t\t<\/div>\n\t\t\t\t<\/div>\n\t\t\t\t<div class=\"elementor-element elementor-element-f409baa elementor-widget elementor-widget-ct_ctf7\" data-id=\"f409baa\" data-element_type=\"widget\" data-e-type=\"widget\" data-widget_type=\"ct_ctf7.default\">\n\t\t\t\t<div class=\"elementor-widget-container\">\n\t\t\t\t\t    <div class=\"ct-contact-form-layout1 style12\">\r\n                <div class=\"ct-contact-form-inner\">\r\n        \t            <div class=\"ct-contact-form\">\r\n                \n<div class=\"wpcf7 no-js\" id=\"wpcf7-f91-o1\" lang=\"en-US\" dir=\"ltr\" data-wpcf7-id=\"91\">\n<div class=\"screen-reader-response\"><p role=\"status\" aria-live=\"polite\" aria-atomic=\"true\"><\/p> <ul><\/ul><\/div>\n<form action=\"\/en\/wp-json\/wp\/v2\/pages\/24#wpcf7-f91-o1\" method=\"post\" class=\"wpcf7-form init cf7mls-no-scroll cf7mls-auto-return-first-step cf7mls-no-moving-animation\" aria-label=\"Contact form\" novalidate=\"novalidate\" data-status=\"init\" data-trp-original-action=\"\/en\/wp-json\/wp\/v2\/pages\/24#wpcf7-f91-o1\">\n<div style=\"display: none;\">\n<input type=\"hidden\" name=\"_wpcf7\" value=\"91\" \/>\n<input type=\"hidden\" name=\"_wpcf7_version\" value=\"6.0.6\" \/>\n<input type=\"hidden\" name=\"_wpcf7_locale\" value=\"en_US\" \/>\n<input type=\"hidden\" name=\"_wpcf7_unit_tag\" value=\"wpcf7-f91-o1\" \/>\n<input type=\"hidden\" name=\"_wpcf7_container_post\" value=\"0\" \/>\n<input type=\"hidden\" name=\"_wpcf7_posted_data_hash\" value=\"\" \/>\n<input type=\"hidden\" name=\"_wpcf7_recaptcha_response\" value=\"\" \/>\n<\/div>\n<div class=\"input-filled\">\n\t<p><span class=\"wpcf7-form-control-wrap\" data-name=\"your-name\"><input size=\"40\" maxlength=\"400\" class=\"wpcf7-form-control wpcf7-text wpcf7-validates-as-required\" aria-required=\"true\" aria-invalid=\"false\" placeholder=\"Name Surname*\" value=\"\" type=\"text\" name=\"your-name\" \/><\/span>\n\t<\/p>\n<\/div>\n<div class=\"input-filled\">\n\t<p><span class=\"wpcf7-form-control-wrap\" data-name=\"your-email\"><input size=\"40\" maxlength=\"400\" class=\"wpcf7-form-control wpcf7-email wpcf7-validates-as-required wpcf7-text wpcf7-validates-as-email\" aria-required=\"true\" aria-invalid=\"false\" placeholder=\"Email*\" value=\"\" type=\"email\" name=\"your-email\" \/><\/span>\n\t<\/p>\n<\/div>\n<div class=\"input-filled\">\n\t<p><span class=\"wpcf7-form-control-wrap\" data-name=\"sirket-adi\"><input size=\"40\" maxlength=\"400\" class=\"wpcf7-form-control wpcf7-text wpcf7-validates-as-required\" aria-required=\"true\" aria-invalid=\"false\" placeholder=\"Company Name*\" value=\"\" type=\"text\" name=\"sirket-adi\" \/><\/span>\n\t<\/p>\n<\/div>\n<div class=\"input-filled\">\n\t<p><span class=\"wpcf7-form-control-wrap\" data-name=\"telefon\"><input size=\"40\" maxlength=\"400\" class=\"wpcf7-form-control wpcf7-tel wpcf7-validates-as-required wpcf7-text wpcf7-validates-as-tel\" aria-required=\"true\" aria-invalid=\"false\" placeholder=\"Telephone\" value=\"\" type=\"tel\" name=\"telefon\" \/><\/span>\n\t<\/p>\n<\/div>\n<div class=\"input-filled\">\n\t<p><span class=\"wpcf7-form-control-wrap\" data-name=\"your-subject\"><select class=\"wpcf7-form-control wpcf7-select wpcf7-validates-as-required\" aria-required=\"true\" aria-invalid=\"false\" name=\"your-subject\"><option value=\"\u0130lginizi \u00c7eken Hizmetler\">Services of Interest<\/option><option value=\"\u0130thalat Dan\u0131\u015fmanl\u0131\u011f\u0131 ve Lojistik S\u00fcre\u00e7 Y\u00f6netimi\">Import Consultancy and Logistics Process Management<\/option><option value=\"Fuar Organizasyonu ve Rehberlik Hizmeti\">Fair Organisation and Guidance Service<\/option><\/select><\/span>\n\t<\/p>\n<\/div>\n<div class=\"input-filled\">\n\t<p><span class=\"wpcf7-form-control-wrap\" data-name=\"mesaj\"><textarea cols=\"40\" rows=\"10\" maxlength=\"2000\" class=\"wpcf7-form-control wpcf7-textarea wpcf7-validates-as-required\" aria-required=\"true\" aria-invalid=\"false\" placeholder=\"Your message.\" name=\"mesaj\"><\/textarea><\/span>\n\t<\/p>\n<\/div>\n<p><span class=\"wpcf7-form-control-wrap\" data-name=\"acceptance-396\"><span class=\"wpcf7-form-control wpcf7-acceptance\"><span class=\"wpcf7-list-item\"><label><input type=\"checkbox\" name=\"acceptance-396\" value=\"1\" aria-invalid=\"false\" \/><span class=\"wpcf7-list-item-label\"><a href=\"\/en\/kvkk-ve-gizlilik-politikasi\/\">KVKK and Privacy Policy<\/a> I approve<\/span><\/label><\/span><\/span><\/span>\n<\/p>\n<div class=\"input-filled\">\n\t<p><button type=\"submit\" class=\"wpcf7-submit btn btn-block\"><i class=\"fac fac-check-circle space-right\"><\/i>Send Request Now<\/button>\n\t<\/p>\n<\/div><input type='hidden' class='wpcf7-pum' value='{\"closepopup\":false,\"closedelay\":0,\"openpopup\":false,\"openpopup_id\":0}' \/><div class=\"wpcf7-response-output\" aria-hidden=\"true\"><\/div>\n<input type=\"hidden\" name=\"trp-form-language\" value=\"en\"\/><\/form>\n<\/div>\n            <\/div>\r\n        <\/div>\r\n            <\/div>\r\n\t\t\t\t<\/div>\n\t\t\t\t<\/div>\n\t\t\t\t<div class=\"elementor-element elementor-element-0f30a93 elementor-widget elementor-widget-text-editor\" data-id=\"0f30a93\" data-element_type=\"widget\" data-e-type=\"widget\" data-widget_type=\"text-editor.default\">\n\t\t\t\t<div class=\"elementor-widget-container\">\n\t\t\t\t\t\t\t\t\t<p>We will contact you as soon as possible.<\/p>\t\t\t\t\t\t\t\t<\/div>\n\t\t\t\t<\/div>\n\t\t            <\/div>\n        <\/div>\n                    <\/div>\n        <\/section>\n        \t\t<\/div>","protected":false},"excerpt":{"rendered":"<p>\u00c7in Ofis Adresimiz Runhui Science Park, Nanhai District, Foshan City, Guangdong Province T\u00fcrkiye Ofis Adresimiz Yenimahalle \u015eehit Komando Er Mehmet Savunmaz Sk. B Blok N.41\/C Yunusemre Manisa Bizi Aray\u0131n: 0 541 632 45 01 Bilgi \u0130\u00e7in Mail G\u00f6nderin info@tapports.com Size Nas\u0131l Yard\u0131mc\u0131 Olabiliriz? \u0130lginizi \u00c7eken Hizmetler\u0130thalat Dan\u0131\u015fmanl\u0131\u011f\u0131 ve Lojistik S\u00fcre\u00e7 Y\u00f6netimiFuar Organizasyonu ve Rehberlik Hizmeti [&hellip;]<\/p>","protected":false},"author":2,"featured_media":0,"parent":0,"menu_order":0,"comment_status":"closed","ping_status":"closed","template":"","meta":{"footnotes":""},"class_list":["post-24","page","type-page","status-publish","hentry"],"yoast_head":"<!-- This site is optimized with the Yoast SEO Premium plugin v22.5 (Yoast SEO v25.0) - https:\/\/yoast.com\/wordpress\/plugins\/seo\/ -->\n<title>\u0130leti\u015fim - TAPPORTS<\/title>\n<meta name=\"robots\" content=\"index, follow, max-snippet:-1, max-image-preview:large, max-video-preview:-1\" \/>\n<link rel=\"canonical\" href=\"https:\/\/tapports.com\/en\/iletisim\/\" \/>\n<meta property=\"og:locale\" content=\"en_GB\" \/>\n<meta property=\"og:type\" content=\"article\" \/>\n<meta property=\"og:title\" content=\"\u0130leti\u015fim\" \/>\n<meta property=\"og:description\" content=\"\u00c7in Ofis Adresimiz Runhui Science Park, Nanhai District, Foshan City, Guangdong Province T\u00fcrkiye Ofis Adresimiz Yenimahalle \u015eehit Komando Er Mehmet Savunmaz Sk. B Blok N.41\/C Yunusemre Manisa Bizi Aray\u0131n: 0 541 632 45 01 Bilgi \u0130\u00e7in Mail G\u00f6nderin info@tapports.com Size Nas\u0131l Yard\u0131mc\u0131 Olabiliriz? \u0130lginizi \u00c7eken Hizmetler\u0130thalat Dan\u0131\u015fmanl\u0131\u011f\u0131 ve Lojistik S\u00fcre\u00e7 Y\u00f6netimiFuar Organizasyonu ve Rehberlik Hizmeti [&hellip;]\" \/>\n<meta property=\"og:url\" content=\"https:\/\/tapports.com\/en\/iletisim\/\" \/>\n<meta property=\"og:site_name\" content=\"TAPPORTS\" \/>\n<meta property=\"article:modified_time\" content=\"2025-07-21T09:07:52+00:00\" \/>\n<meta property=\"og:image\" content=\"https:\/\/tapports.com\/wp-content\/uploads\/2025\/04\/WhatsApp-Image-2025-04-10-at-22.50.48-1-1.jpeg\" \/>\n\t<meta property=\"og:image:width\" content=\"1115\" \/>\n\t<meta property=\"og:image:height\" content=\"812\" \/>\n\t<meta property=\"og:image:type\" content=\"image\/jpeg\" \/>\n<meta name=\"twitter:card\" content=\"summary_large_image\" \/>\n<meta name=\"twitter:label1\" content=\"Estimated reading time\" \/>\n\t<meta name=\"twitter:data1\" content=\"1 minute\" \/>\n<script type=\"application\/ld+json\" class=\"yoast-schema-graph\">{\"@context\":\"https:\/\/schema.org\",\"@graph\":[{\"@type\":\"WebPage\",\"@id\":\"https:\/\/tapports.com\/iletisim\/\",\"url\":\"https:\/\/tapports.com\/iletisim\/\",\"name\":\"\u0130leti\u015fim - TAPPORTS\",\"isPartOf\":{\"@id\":\"https:\/\/tapports.com\/#website\"},\"primaryImageOfPage\":{\"@id\":\"https:\/\/tapports.com\/iletisim\/#primaryimage\"},\"image\":{\"@id\":\"https:\/\/tapports.com\/iletisim\/#primaryimage\"},\"thumbnailUrl\":\"http:\/\/tapports.com\/wp-content\/uploads\/2025\/04\/WhatsApp-Image-2025-04-10-at-22.50.48-1-1.jpeg\",\"datePublished\":\"2025-04-21T08:04:10+00:00\",\"dateModified\":\"2025-07-21T09:07:52+00:00\",\"breadcrumb\":{\"@id\":\"https:\/\/tapports.com\/iletisim\/#breadcrumb\"},\"inLanguage\":\"en-GB\",\"potentialAction\":[{\"@type\":\"ReadAction\",\"target\":[\"https:\/\/tapports.com\/iletisim\/\"]}]},{\"@type\":\"ImageObject\",\"inLanguage\":\"en-GB\",\"@id\":\"https:\/\/tapports.com\/iletisim\/#primaryimage\",\"url\":\"http:\/\/tapports.com\/wp-content\/uploads\/2025\/04\/WhatsApp-Image-2025-04-10-at-22.50.48-1-1.jpeg\",\"contentUrl\":\"http:\/\/tapports.com\/wp-content\/uploads\/2025\/04\/WhatsApp-Image-2025-04-10-at-22.50.48-1-1.jpeg\"},{\"@type\":\"BreadcrumbList\",\"@id\":\"https:\/\/tapports.com\/iletisim\/#breadcrumb\",\"itemListElement\":[{\"@type\":\"ListItem\",\"position\":1,\"name\":\"Home\",\"item\":\"https:\/\/tapports.com\/\"},{\"@type\":\"ListItem\",\"position\":2,\"name\":\"\u0130leti\u015fim\"}]},{\"@type\":\"WebSite\",\"@id\":\"https:\/\/tapports.com\/#website\",\"url\":\"https:\/\/tapports.com\/\",\"name\":\"TAPPORTS\",\"description\":\"Teknolojik Altyap\u0131 | Operasyonel Destek | Stratejik Dan\u0131\u015fmanl\u0131k\",\"publisher\":{\"@id\":\"https:\/\/tapports.com\/#organization\"},\"alternateName\":\"Tapports | Teknolojik Altyap\u0131 | Operasyonel Destek | Stratejik Dan\u0131\u015fmanl\u0131k\",\"potentialAction\":[{\"@type\":\"SearchAction\",\"target\":{\"@type\":\"EntryPoint\",\"urlTemplate\":\"https:\/\/tapports.com\/?s={search_term_string}\"},\"query-input\":{\"@type\":\"PropertyValueSpecification\",\"valueRequired\":true,\"valueName\":\"search_term_string\"}}],\"inLanguage\":\"en-GB\"},{\"@type\":\"Organization\",\"@id\":\"https:\/\/tapports.com\/#organization\",\"name\":\"Tapports\",\"alternateName\":\"Tapports Global \u0130\u015f \u00c7\u00f6z\u00fcmleri\",\"url\":\"https:\/\/tapports.com\/\",\"logo\":{\"@type\":\"ImageObject\",\"inLanguage\":\"en-GB\",\"@id\":\"https:\/\/tapports.com\/#\/schema\/logo\/image\/\",\"url\":\"https:\/\/tapports.com\/wp-content\/uploads\/2019\/10\/azazaz.png\",\"contentUrl\":\"https:\/\/tapports.com\/wp-content\/uploads\/2019\/10\/azazaz.png\",\"width\":171,\"height\":171,\"caption\":\"Tapports\"},\"image\":{\"@id\":\"https:\/\/tapports.com\/#\/schema\/logo\/image\/\"},\"sameAs\":[\"https:\/\/www.instagram.com\/tapportsglobal\/\",\"https:\/\/www.linkedin.com\/company\/tapports-d\u0131\u015f-ticaret-ve-uluslararas\u0131-i\u0307\u015f-geli\u015ftirme\/\"],\"description\":\"Tapports, teknolojik altyap\u0131, operasyonel destek ve stratejik dan\u0131\u015fmanl\u0131k hizmetleriyle i\u015fletmelere verimli ve g\u00fcvenilir \u00e7\u00f6z\u00fcmler sunar.\",\"email\":\"info@tapports.com\",\"telephone\":\"0 541 632 45 01\",\"legalName\":\"TAPPORTS\"}]}<\/script>\n<!-- \/ Yoast SEO Premium plugin. -->","yoast_head_json":{"title":"\u0130leti\u015fim - TAPPORTS","robots":{"index":"index","follow":"follow","max-snippet":"max-snippet:-1","max-image-preview":"max-image-preview:large","max-video-preview":"max-video-preview:-1"},"canonical":"https:\/\/tapports.com\/en\/iletisim\/","og_locale":"en_GB","og_type":"article","og_title":"\u0130leti\u015fim","og_description":"\u00c7in Ofis Adresimiz Runhui Science Park, Nanhai District, Foshan City, Guangdong Province T\u00fcrkiye Ofis Adresimiz Yenimahalle \u015eehit Komando Er Mehmet Savunmaz Sk. B Blok N.41\/C Yunusemre Manisa Bizi Aray\u0131n: 0 541 632 45 01 Bilgi \u0130\u00e7in Mail G\u00f6nderin info@tapports.com Size Nas\u0131l Yard\u0131mc\u0131 Olabiliriz? \u0130lginizi \u00c7eken Hizmetler\u0130thalat Dan\u0131\u015fmanl\u0131\u011f\u0131 ve Lojistik S\u00fcre\u00e7 Y\u00f6netimiFuar Organizasyonu ve Rehberlik Hizmeti [&hellip;]","og_url":"https:\/\/tapports.com\/en\/iletisim\/","og_site_name":"TAPPORTS","article_modified_time":"2025-07-21T09:07:52+00:00","og_image":[{"width":1115,"height":812,"url":"https:\/\/tapports.com\/wp-content\/uploads\/2025\/04\/WhatsApp-Image-2025-04-10-at-22.50.48-1-1.jpeg","type":"image\/jpeg"}],"twitter_card":"summary_large_image","twitter_misc":{"Estimated reading time":"1 minute"},"schema":{"@context":"https:\/\/schema.org","@graph":[{"@type":"WebPage","@id":"https:\/\/tapports.com\/iletisim\/","url":"https:\/\/tapports.com\/iletisim\/","name":"\u0130leti\u015fim - TAPPORTS","isPartOf":{"@id":"https:\/\/tapports.com\/#website"},"primaryImageOfPage":{"@id":"https:\/\/tapports.com\/iletisim\/#primaryimage"},"image":{"@id":"https:\/\/tapports.com\/iletisim\/#primaryimage"},"thumbnailUrl":"http:\/\/tapports.com\/wp-content\/uploads\/2025\/04\/WhatsApp-Image-2025-04-10-at-22.50.48-1-1.jpeg","datePublished":"2025-04-21T08:04:10+00:00","dateModified":"2025-07-21T09:07:52+00:00","breadcrumb":{"@id":"https:\/\/tapports.com\/iletisim\/#breadcrumb"},"inLanguage":"en-GB","potentialAction":[{"@type":"ReadAction","target":["https:\/\/tapports.com\/iletisim\/"]}]},{"@type":"ImageObject","inLanguage":"en-GB","@id":"https:\/\/tapports.com\/iletisim\/#primaryimage","url":"http:\/\/tapports.com\/wp-content\/uploads\/2025\/04\/WhatsApp-Image-2025-04-10-at-22.50.48-1-1.jpeg","contentUrl":"http:\/\/tapports.com\/wp-content\/uploads\/2025\/04\/WhatsApp-Image-2025-04-10-at-22.50.48-1-1.jpeg"},{"@type":"BreadcrumbList","@id":"https:\/\/tapports.com\/iletisim\/#breadcrumb","itemListElement":[{"@type":"ListItem","position":1,"name":"Home","item":"https:\/\/tapports.com\/"},{"@type":"ListItem","position":2,"name":"\u0130leti\u015fim"}]},{"@type":"WebSite","@id":"https:\/\/tapports.com\/#website","url":"https:\/\/tapports.com\/","name":"TAPPORTS","description":"Teknolojik Altyap\u0131 | Operasyonel Destek | Stratejik Dan\u0131\u015fmanl\u0131k","publisher":{"@id":"https:\/\/tapports.com\/#organization"},"alternateName":"Tapports | Teknolojik Altyap\u0131 | Operasyonel Destek | Stratejik Dan\u0131\u015fmanl\u0131k","potentialAction":[{"@type":"SearchAction","target":{"@type":"EntryPoint","urlTemplate":"https:\/\/tapports.com\/?s={search_term_string}"},"query-input":{"@type":"PropertyValueSpecification","valueRequired":true,"valueName":"search_term_string"}}],"inLanguage":"en-GB"},{"@type":"Organization","@id":"https:\/\/tapports.com\/#organization","name":"Tapports","alternateName":"Tapports Global \u0130\u015f \u00c7\u00f6z\u00fcmleri","url":"https:\/\/tapports.com\/","logo":{"@type":"ImageObject","inLanguage":"en-GB","@id":"https:\/\/tapports.com\/#\/schema\/logo\/image\/","url":"https:\/\/tapports.com\/wp-content\/uploads\/2019\/10\/azazaz.png","contentUrl":"https:\/\/tapports.com\/wp-content\/uploads\/2019\/10\/azazaz.png","width":171,"height":171,"caption":"Tapports"},"image":{"@id":"https:\/\/tapports.com\/#\/schema\/logo\/image\/"},"sameAs":["https:\/\/www.instagram.com\/tapportsglobal\/","https:\/\/www.linkedin.com\/company\/tapports-d\u0131\u015f-ticaret-ve-uluslararas\u0131-i\u0307\u015f-geli\u015ftirme\/"],"description":"Tapports, teknolojik altyap\u0131, operasyonel destek ve stratejik dan\u0131\u015fmanl\u0131k hizmetleriyle i\u015fletmelere verimli ve g\u00fcvenilir \u00e7\u00f6z\u00fcmler sunar.","email":"info@tapports.com","telephone":"0 541 632 45 01","legalName":"TAPPORTS"}]}},"_links":{"self":[{"href":"https:\/\/tapports.com\/en\/wp-json\/wp\/v2\/pages\/24","targetHints":{"allow":["GET"]}}],"collection":[{"href":"https:\/\/tapports.com\/en\/wp-json\/wp\/v2\/pages"}],"about":[{"href":"https:\/\/tapports.com\/en\/wp-json\/wp\/v2\/types\/page"}],"author":[{"embeddable":true,"href":"https:\/\/tapports.com\/en\/wp-json\/wp\/v2\/users\/2"}],"replies":[{"embeddable":true,"href":"https:\/\/tapports.com\/en\/wp-json\/wp\/v2\/comments?post=24"}],"version-history":[{"count":3,"href":"https:\/\/tapports.com\/en\/wp-json\/wp\/v2\/pages\/24\/revisions"}],"predecessor-version":[{"id":6403,"href":"https:\/\/tapports.com\/en\/wp-json\/wp\/v2\/pages\/24\/revisions\/6403"}],"wp:attachment":[{"href":"https:\/\/tapports.com\/en\/wp-json\/wp\/v2\/media?parent=24"}],"curies":[{"name":"wp","href":"https:\/\/api.w.org\/{rel}","templated":true}]}}