{"id":26,"date":"2025-04-21T08:04:23","date_gmt":"2025-04-21T08:04:23","guid":{"rendered":"https:\/\/demo.casethemes.net\/consultio-immigration\/?page_id=26"},"modified":"2025-10-17T14:38:30","modified_gmt":"2025-10-17T11:38:30","slug":"hakkimizda","status":"publish","type":"page","link":"https:\/\/tapports.com\/en\/hakkimizda\/","title":{"rendered":"About Us"},"content":{"rendered":"<div data-elementor-type=\"wp-page\" data-elementor-id=\"26\" class=\"elementor elementor-26\">\n\t\t\t\t        <section class=\"elementor-section elementor-top-section elementor-element elementor-element-bf4d915 elementor-section-boxed elementor-section-height-default elementor-section-height-default ct-header-fixed-none ct-row-max-none\" data-id=\"bf4d915\" data-element_type=\"section\" data-e-type=\"section\" data-settings=\"{&quot;background_background&quot;:&quot;classic&quot;}\">\n            \n                        <div class=\"elementor-container elementor-column-gap-extended\">\n                    <div class=\"elementor-column elementor-col-50 elementor-top-column elementor-element elementor-element-5282614\" data-id=\"5282614\" data-element_type=\"column\" data-e-type=\"column\">\n        <div class=\"elementor-widget-wrap elementor-element-populated\">\n                    \n        \t\t<div class=\"elementor-element elementor-element-9d091b6 elementor-widget elementor-widget-ct_heading\" data-id=\"9d091b6\" data-element_type=\"widget\" data-e-type=\"widget\" data-widget_type=\"ct_heading.default\">\n\t\t\t\t<div class=\"elementor-widget-container\">\n\t\t\t\t\t<div id=\"ct_heading-9d091b6\" class=\"ct-heading h-align- sub-style1 ct-heading-left item-st-line-left2\">\r\n\t<div class=\"ct-item--inner\">\r\n        <div class=\"ct-inline-css\"  data-css=\"            \">\r\n        <\/div>\r\n                <h3 class=\"item--title st-line-left2 case-animate-time\" data-wow-delay=\"ms\">\r\n                        <span class=\"sp-main\">\r\n                                    <i><\/i>\r\n                \r\n                About Us\r\n                \r\n                            <\/span>\r\n                    <\/h3>\r\n    <\/div>\r\n<\/div>\t\t\t\t<\/div>\n\t\t\t\t<\/div>\n\t\t        <section class=\"elementor-section elementor-inner-section elementor-element elementor-element-6b326e2 elementor-section-boxed elementor-section-height-default elementor-section-height-default ct-header-fixed-none ct-row-max-none\" data-id=\"6b326e2\" data-element_type=\"section\" data-e-type=\"section\">\n            \n                        <div class=\"elementor-container elementor-column-gap-extended\">\n                    <div class=\"elementor-column elementor-col-100 elementor-inner-column elementor-element elementor-element-71555f1\" data-id=\"71555f1\" data-element_type=\"column\" data-e-type=\"column\">\n        <div class=\"elementor-widget-wrap elementor-element-populated\">\n                    \n        \t\t<div class=\"elementor-element elementor-element-4b32f49 elementor-widget elementor-widget-text-editor\" data-id=\"4b32f49\" data-element_type=\"widget\" data-e-type=\"widget\" data-widget_type=\"text-editor.default\">\n\t\t\t\t<div class=\"elementor-widget-container\">\n\t\t\t\t\t\t\t\t\t<p class=\"\" data-start=\"211\" data-end=\"436\"><strong data-start=\"211\" data-end=\"223\">Tapports<\/strong>is a foreign trade and business development consultancy platform that provides strategic guidance and operational support under a single roof for businesses operating in Turkey in the process of opening up to the Chinese market.<\/p><p class=\"\" data-start=\"438\" data-end=\"648\">With our versatile services ranging from import consultancy to international fair organisations, from field guidance to corporate development trainings, we enable businesses to reach their global goals with confidence.<\/p><h3 class=\"\" data-start=\"650\" data-end=\"675\">Areas of Activity:<\/h3><h3 class=\"\" data-start=\"650\" data-end=\"675\"><strong style=\"color: #7a7a7a; font-family: inherit; font-size: 18px; letter-spacing: 0px;\" data-start=\"679\" data-end=\"717\">Strategic foreign trade consultancy<\/strong><\/h3><h3 class=\"\" data-start=\"650\" data-end=\"675\"><strong style=\"color: #7a7a7a; font-family: inherit; font-size: 18px; letter-spacing: 0px;\" data-start=\"722\" data-end=\"784\">Import process management (procurement, quality control, logistics)<\/strong><\/h3><h3 class=\"\" data-start=\"650\" data-end=\"675\"><strong style=\"color: #7a7a7a; font-family: inherit; font-size: 18px; letter-spacing: 0px;\" data-start=\"789\" data-end=\"841\">Fair organisation and factory visits in China<\/strong><\/h3><h3 class=\"\" data-start=\"650\" data-end=\"675\"><strong style=\"color: #7a7a7a; font-family: inherit; font-size: 18px; letter-spacing: 0px;\" data-start=\"846\" data-end=\"895\">Organisational development and field guidance services<\/strong><\/h3><p class=\"\" data-start=\"897\" data-end=\"1093\">We treat each business partnership as a special solution process; we offer transparent, sustainable and goal-oriented approaches.<br data-start=\"1014\" data-end=\"1017\" \/><strong data-start=\"1017\" data-end=\"1093\">Tapports is the reliable companion of companies that want to cross borders.<\/strong><\/p>\t\t\t\t\t\t\t\t<\/div>\n\t\t\t\t<\/div>\n\t\t            <\/div>\n        <\/div>\n                    <\/div>\n        <\/section>\n                    <\/div>\n        <\/div>\n                <div class=\"elementor-column elementor-col-50 elementor-top-column elementor-element elementor-element-07e4861\" data-id=\"07e4861\" data-element_type=\"column\" data-e-type=\"column\">\n        <div class=\"elementor-widget-wrap elementor-element-populated\">\n                    \n        \t\t<div class=\"elementor-element elementor-element-1548748 elementor-widget elementor-widget-image\" data-id=\"1548748\" data-element_type=\"widget\" data-e-type=\"widget\" data-widget_type=\"image.default\">\n\t\t\t\t<div class=\"elementor-widget-container\">\n\t\t\t\t\t\t\t\t\t\t\t\t\t\t\t<img fetchpriority=\"high\" decoding=\"async\" width=\"1024\" height=\"1536\" src=\"https:\/\/tapports.com\/wp-content\/uploads\/2025\/04\/1744146563998.jpeg\" class=\"attachment-full size-full wp-image-6297\" alt=\"\" srcset=\"https:\/\/tapports.com\/wp-content\/uploads\/2025\/04\/1744146563998.jpeg 1024w, https:\/\/tapports.com\/wp-content\/uploads\/2025\/04\/1744146563998-200x300.jpeg 200w, https:\/\/tapports.com\/wp-content\/uploads\/2025\/04\/1744146563998-683x1024.jpeg 683w, https:\/\/tapports.com\/wp-content\/uploads\/2025\/04\/1744146563998-768x1152.jpeg 768w\" sizes=\"(max-width: 1024px) 100vw, 1024px\" \/>\t\t\t\t\t\t\t\t\t\t\t\t\t\t\t<\/div>\n\t\t\t\t<\/div>\n\t\t            <\/div>\n        <\/div>\n                    <\/div>\n        <\/section>\n                <section class=\"elementor-section elementor-top-section elementor-element elementor-element-d4bfec6 elementor-section-boxed elementor-section-height-default elementor-section-height-default ct-header-fixed-none ct-row-max-none\" data-id=\"d4bfec6\" data-element_type=\"section\" data-e-type=\"section\">\n            \n                        <div class=\"elementor-container elementor-column-gap-extended\">\n                    <div class=\"elementor-column elementor-col-100 elementor-top-column elementor-element elementor-element-368264a\" data-id=\"368264a\" data-element_type=\"column\" data-e-type=\"column\">\n        <div class=\"elementor-widget-wrap elementor-element-populated\">\n                    \n                <section class=\"elementor-section elementor-inner-section elementor-element elementor-element-c182740 elementor-section-boxed elementor-section-height-default elementor-section-height-default ct-header-fixed-none ct-row-max-none\" data-id=\"c182740\" data-element_type=\"section\" data-e-type=\"section\">\n            \n                        <div class=\"elementor-container elementor-column-gap-extended\">\n                    <div class=\"elementor-column elementor-col-50 elementor-inner-column elementor-element elementor-element-7957652\" data-id=\"7957652\" data-element_type=\"column\" data-e-type=\"column\">\n        <div class=\"elementor-widget-wrap elementor-element-populated\">\n                    \n        \t\t<div class=\"elementor-element elementor-element-d3a2a6d elementor-widget__width-initial elementor-widget elementor-widget-text-editor\" data-id=\"d3a2a6d\" data-element_type=\"widget\" data-e-type=\"widget\" data-widget_type=\"text-editor.default\">\n\t\t\t\t<div class=\"elementor-widget-container\">\n\t\t\t\t\t\t\t\t\t<h4><span style=\"color: #0a2e5d;\"><strong>Our vision<\/strong><\/span><\/h4><p class=\"\" data-start=\"185\" data-end=\"334\">To enable Turkish enterprises to reach a more effective, sustainable and competitive position in global markets.<\/p><p class=\"\" data-start=\"336\" data-end=\"551\">As a reliable business partner in every step of foreign trade, we aim to be a solution centre that offers not only consultancy but also strategic direction, on-site guidance and intercultural bridges to the business world.<\/p><p class=\"\" data-start=\"553\" data-end=\"670\">Cooperation across borders, <strong data-start=\"586\" data-end=\"633\">robust commercial networks extending from local to global<\/strong> is our greatest source of inspiration.<\/p>\t\t\t\t\t\t\t\t<\/div>\n\t\t\t\t<\/div>\n\t\t            <\/div>\n        <\/div>\n                <div class=\"elementor-column elementor-col-50 elementor-inner-column elementor-element elementor-element-b36f255\" data-id=\"b36f255\" data-element_type=\"column\" data-e-type=\"column\">\n        <div class=\"elementor-widget-wrap elementor-element-populated\">\n                    \n        \t\t<div class=\"elementor-element elementor-element-f29b1d7 elementor-widget__width-initial elementor-widget elementor-widget-text-editor\" data-id=\"f29b1d7\" data-element_type=\"widget\" data-e-type=\"widget\" data-widget_type=\"text-editor.default\">\n\t\t\t\t<div class=\"elementor-widget-container\">\n\t\t\t\t\t\t\t\t\t<h4><span style=\"color: #0a2e5d;\"><strong>Our Mission:<\/strong><\/span><\/h4><p class=\"\" data-start=\"197\" data-end=\"477\">As Tapports, we provide solution-oriented, sustainable and transparent services in the fields of import consultancy, fair organisations, field guidance and corporate development in order to enable businesses in Turkey to open up to international markets, especially China, with confidence.<\/p><p class=\"\" data-start=\"479\" data-end=\"683\">We develop strategies tailored to the dynamics of each business, guiding them to make the right connections in the global supply chain, optimise their costs and gain a competitive advantage.<\/p>\t\t\t\t\t\t\t\t<\/div>\n\t\t\t\t<\/div>\n\t\t            <\/div>\n        <\/div>\n                    <\/div>\n        <\/section>\n                <section class=\"elementor-section elementor-inner-section elementor-element elementor-element-4cab1c1 elementor-section-boxed elementor-section-height-default elementor-section-height-default ct-header-fixed-none ct-row-max-none\" data-id=\"4cab1c1\" data-element_type=\"section\" data-e-type=\"section\">\n            \n                        <div class=\"elementor-container elementor-column-gap-extended\">\n                    <div class=\"elementor-column elementor-col-100 elementor-inner-column elementor-element elementor-element-de9cd50\" data-id=\"de9cd50\" data-element_type=\"column\" data-e-type=\"column\">\n        <div class=\"elementor-widget-wrap elementor-element-populated\">\n                    \n        \t\t<div class=\"elementor-element elementor-element-fa6dad1 elementor-widget__width-initial elementor-widget elementor-widget-text-editor\" data-id=\"fa6dad1\" data-element_type=\"widget\" data-e-type=\"widget\" data-widget_type=\"text-editor.default\">\n\t\t\t\t<div class=\"elementor-widget-container\">\n\t\t\t\t\t\t\t\t\t<h3><span style=\"color: #0a2e5d;\"><strong>Our Values<\/strong><\/span><\/h3><ul><li><strong>Trust:<\/strong>\u00a0Working with all our business partners on the basis of mutual trust<\/li><li><strong>Speed:<\/strong>\u00a0Fast in solution, efficient in process<\/li><li><strong>Innovation:<\/strong>\u00a0Continuously developing technological solutions<\/li><li><strong>Customer Orientation:<\/strong>\u00a0Customised solutions for customer needs<\/li><li><strong>Global Perspective:<\/strong>\u00a0Open to the world, unlimited business model<\/li><\/ul>\t\t\t\t\t\t\t\t<\/div>\n\t\t\t\t<\/div>\n\t\t            <\/div>\n        <\/div>\n                    <\/div>\n        <\/section>\n                    <\/div>\n        <\/div>\n                    <\/div>\n        <\/section>\n        \t\t<\/div>","protected":false},"excerpt":{"rendered":"<p>About Us Tapports is a foreign trade and business development consultancy platform that provides strategic guidance and operational support under a single roof for businesses operating in Turkey in their process of opening up to the Chinese market. With our versatile services ranging from import consultancy to international fair organisations, from field guidance to corporate development trainings, we enable businesses to reach their global goals with confidence. Areas of Activity: Strategic foreign trade consultancy Import [...]<\/p>","protected":false},"author":2,"featured_media":0,"parent":0,"menu_order":0,"comment_status":"closed","ping_status":"closed","template":"","meta":{"footnotes":""},"class_list":["post-26","page","type-page","status-publish","hentry"],"yoast_head":"<!-- This site is optimized with the Yoast SEO Premium plugin v22.5 (Yoast SEO v25.0) - https:\/\/yoast.com\/wordpress\/plugins\/seo\/ -->\n<title>Hakk\u0131m\u0131zda - TAPPORTS<\/title>\n<meta name=\"robots\" content=\"index, follow, max-snippet:-1, max-image-preview:large, max-video-preview:-1\" \/>\n<link rel=\"canonical\" href=\"https:\/\/tapports.com\/en\/hakkimizda\/\" \/>\n<meta property=\"og:locale\" content=\"en_GB\" \/>\n<meta property=\"og:type\" content=\"article\" \/>\n<meta property=\"og:title\" content=\"Hakk\u0131m\u0131zda\" \/>\n<meta property=\"og:description\" content=\"Hakk\u0131m\u0131zda Tapports, T\u00fcrkiye\u2019de faaliyet g\u00f6steren i\u015fletmelerin \u00c7in pazar\u0131na a\u00e7\u0131lma s\u00fcre\u00e7lerinde ihtiya\u00e7 duydu\u011fu stratejik rehberlik ve operasyonel deste\u011fi tek \u00e7at\u0131 alt\u0131nda sunan d\u0131\u015f ticaret ve i\u015f geli\u015ftirme dan\u0131\u015fmanl\u0131k platformudur. \u0130thalat dan\u0131\u015fmanl\u0131\u011f\u0131ndan uluslararas\u0131 fuar organizasyonlar\u0131na, saha rehberli\u011finden kurumsal geli\u015fim e\u011fitimlerine kadar \u00e7ok y\u00f6nl\u00fc hizmetlerimizle, i\u015fletmelerin global hedeflerine g\u00fcvenle ula\u015fmalar\u0131n\u0131 sa\u011fl\u0131yoruz. Faaliyet Alanlar\u0131m\u0131z: Stratejik d\u0131\u015f ticaret dan\u0131\u015fmanl\u0131\u011f\u0131 \u0130thalat [&hellip;]\" \/>\n<meta property=\"og:url\" content=\"https:\/\/tapports.com\/en\/hakkimizda\/\" \/>\n<meta property=\"og:site_name\" content=\"TAPPORTS\" \/>\n<meta property=\"article:modified_time\" content=\"2025-10-17T11:38:30+00:00\" \/>\n<meta property=\"og:image\" content=\"https:\/\/tapports.com\/wp-content\/uploads\/2025\/04\/1744146563998.jpeg\" \/>\n\t<meta property=\"og:image:width\" content=\"1024\" \/>\n\t<meta property=\"og:image:height\" content=\"1536\" \/>\n\t<meta property=\"og:image:type\" content=\"image\/jpeg\" \/>\n<meta name=\"twitter:card\" content=\"summary_large_image\" \/>\n<meta name=\"twitter:label1\" content=\"Estimated reading time\" \/>\n\t<meta name=\"twitter:data1\" content=\"2 minutes\" \/>\n<script type=\"application\/ld+json\" class=\"yoast-schema-graph\">{\"@context\":\"https:\/\/schema.org\",\"@graph\":[{\"@type\":\"WebPage\",\"@id\":\"https:\/\/tapports.com\/hakkimizda\/\",\"url\":\"https:\/\/tapports.com\/hakkimizda\/\",\"name\":\"Hakk\u0131m\u0131zda - TAPPORTS\",\"isPartOf\":{\"@id\":\"https:\/\/tapports.com\/#website\"},\"primaryImageOfPage\":{\"@id\":\"https:\/\/tapports.com\/hakkimizda\/#primaryimage\"},\"image\":{\"@id\":\"https:\/\/tapports.com\/hakkimizda\/#primaryimage\"},\"thumbnailUrl\":\"http:\/\/tapports.com\/wp-content\/uploads\/2025\/04\/1744146563998.jpeg\",\"datePublished\":\"2025-04-21T08:04:23+00:00\",\"dateModified\":\"2025-10-17T11:38:30+00:00\",\"breadcrumb\":{\"@id\":\"https:\/\/tapports.com\/hakkimizda\/#breadcrumb\"},\"inLanguage\":\"en-GB\",\"potentialAction\":[{\"@type\":\"ReadAction\",\"target\":[\"https:\/\/tapports.com\/hakkimizda\/\"]}]},{\"@type\":\"ImageObject\",\"inLanguage\":\"en-GB\",\"@id\":\"https:\/\/tapports.com\/hakkimizda\/#primaryimage\",\"url\":\"http:\/\/tapports.com\/wp-content\/uploads\/2025\/04\/1744146563998.jpeg\",\"contentUrl\":\"http:\/\/tapports.com\/wp-content\/uploads\/2025\/04\/1744146563998.jpeg\"},{\"@type\":\"BreadcrumbList\",\"@id\":\"https:\/\/tapports.com\/hakkimizda\/#breadcrumb\",\"itemListElement\":[{\"@type\":\"ListItem\",\"position\":1,\"name\":\"Home\",\"item\":\"https:\/\/tapports.com\/\"},{\"@type\":\"ListItem\",\"position\":2,\"name\":\"Hakk\u0131m\u0131zda\"}]},{\"@type\":\"WebSite\",\"@id\":\"https:\/\/tapports.com\/#website\",\"url\":\"https:\/\/tapports.com\/\",\"name\":\"TAPPORTS\",\"description\":\"Teknolojik Altyap\u0131 | Operasyonel Destek | Stratejik Dan\u0131\u015fmanl\u0131k\",\"publisher\":{\"@id\":\"https:\/\/tapports.com\/#organization\"},\"alternateName\":\"Tapports | Teknolojik Altyap\u0131 | Operasyonel Destek | Stratejik Dan\u0131\u015fmanl\u0131k\",\"potentialAction\":[{\"@type\":\"SearchAction\",\"target\":{\"@type\":\"EntryPoint\",\"urlTemplate\":\"https:\/\/tapports.com\/?s={search_term_string}\"},\"query-input\":{\"@type\":\"PropertyValueSpecification\",\"valueRequired\":true,\"valueName\":\"search_term_string\"}}],\"inLanguage\":\"en-GB\"},{\"@type\":\"Organization\",\"@id\":\"https:\/\/tapports.com\/#organization\",\"name\":\"Tapports\",\"alternateName\":\"Tapports Global \u0130\u015f \u00c7\u00f6z\u00fcmleri\",\"url\":\"https:\/\/tapports.com\/\",\"logo\":{\"@type\":\"ImageObject\",\"inLanguage\":\"en-GB\",\"@id\":\"https:\/\/tapports.com\/#\/schema\/logo\/image\/\",\"url\":\"https:\/\/tapports.com\/wp-content\/uploads\/2019\/10\/azazaz.png\",\"contentUrl\":\"https:\/\/tapports.com\/wp-content\/uploads\/2019\/10\/azazaz.png\",\"width\":171,\"height\":171,\"caption\":\"Tapports\"},\"image\":{\"@id\":\"https:\/\/tapports.com\/#\/schema\/logo\/image\/\"},\"sameAs\":[\"https:\/\/www.instagram.com\/tapportsglobal\/\",\"https:\/\/www.linkedin.com\/company\/tapports-d\u0131\u015f-ticaret-ve-uluslararas\u0131-i\u0307\u015f-geli\u015ftirme\/\"],\"description\":\"Tapports, teknolojik altyap\u0131, operasyonel destek ve stratejik dan\u0131\u015fmanl\u0131k hizmetleriyle i\u015fletmelere verimli ve g\u00fcvenilir \u00e7\u00f6z\u00fcmler sunar.\",\"email\":\"info@tapports.com\",\"telephone\":\"0 541 632 45 01\",\"legalName\":\"TAPPORTS\"}]}<\/script>\n<!-- \/ Yoast SEO Premium plugin. -->","yoast_head_json":{"title":"Hakk\u0131m\u0131zda - TAPPORTS","robots":{"index":"index","follow":"follow","max-snippet":"max-snippet:-1","max-image-preview":"max-image-preview:large","max-video-preview":"max-video-preview:-1"},"canonical":"https:\/\/tapports.com\/en\/hakkimizda\/","og_locale":"en_GB","og_type":"article","og_title":"Hakk\u0131m\u0131zda","og_description":"Hakk\u0131m\u0131zda Tapports, T\u00fcrkiye\u2019de faaliyet g\u00f6steren i\u015fletmelerin \u00c7in pazar\u0131na a\u00e7\u0131lma s\u00fcre\u00e7lerinde ihtiya\u00e7 duydu\u011fu stratejik rehberlik ve operasyonel deste\u011fi tek \u00e7at\u0131 alt\u0131nda sunan d\u0131\u015f ticaret ve i\u015f geli\u015ftirme dan\u0131\u015fmanl\u0131k platformudur. \u0130thalat dan\u0131\u015fmanl\u0131\u011f\u0131ndan uluslararas\u0131 fuar organizasyonlar\u0131na, saha rehberli\u011finden kurumsal geli\u015fim e\u011fitimlerine kadar \u00e7ok y\u00f6nl\u00fc hizmetlerimizle, i\u015fletmelerin global hedeflerine g\u00fcvenle ula\u015fmalar\u0131n\u0131 sa\u011fl\u0131yoruz. Faaliyet Alanlar\u0131m\u0131z: Stratejik d\u0131\u015f ticaret dan\u0131\u015fmanl\u0131\u011f\u0131 \u0130thalat [&hellip;]","og_url":"https:\/\/tapports.com\/en\/hakkimizda\/","og_site_name":"TAPPORTS","article_modified_time":"2025-10-17T11:38:30+00:00","og_image":[{"width":1024,"height":1536,"url":"https:\/\/tapports.com\/wp-content\/uploads\/2025\/04\/1744146563998.jpeg","type":"image\/jpeg"}],"twitter_card":"summary_large_image","twitter_misc":{"Estimated reading time":"2 minutes"},"schema":{"@context":"https:\/\/schema.org","@graph":[{"@type":"WebPage","@id":"https:\/\/tapports.com\/hakkimizda\/","url":"https:\/\/tapports.com\/hakkimizda\/","name":"Hakk\u0131m\u0131zda - TAPPORTS","isPartOf":{"@id":"https:\/\/tapports.com\/#website"},"primaryImageOfPage":{"@id":"https:\/\/tapports.com\/hakkimizda\/#primaryimage"},"image":{"@id":"https:\/\/tapports.com\/hakkimizda\/#primaryimage"},"thumbnailUrl":"http:\/\/tapports.com\/wp-content\/uploads\/2025\/04\/1744146563998.jpeg","datePublished":"2025-04-21T08:04:23+00:00","dateModified":"2025-10-17T11:38:30+00:00","breadcrumb":{"@id":"https:\/\/tapports.com\/hakkimizda\/#breadcrumb"},"inLanguage":"en-GB","potentialAction":[{"@type":"ReadAction","target":["https:\/\/tapports.com\/hakkimizda\/"]}]},{"@type":"ImageObject","inLanguage":"en-GB","@id":"https:\/\/tapports.com\/hakkimizda\/#primaryimage","url":"http:\/\/tapports.com\/wp-content\/uploads\/2025\/04\/1744146563998.jpeg","contentUrl":"http:\/\/tapports.com\/wp-content\/uploads\/2025\/04\/1744146563998.jpeg"},{"@type":"BreadcrumbList","@id":"https:\/\/tapports.com\/hakkimizda\/#breadcrumb","itemListElement":[{"@type":"ListItem","position":1,"name":"Home","item":"https:\/\/tapports.com\/"},{"@type":"ListItem","position":2,"name":"Hakk\u0131m\u0131zda"}]},{"@type":"WebSite","@id":"https:\/\/tapports.com\/#website","url":"https:\/\/tapports.com\/","name":"TAPPORTS","description":"Teknolojik Altyap\u0131 | Operasyonel Destek | Stratejik Dan\u0131\u015fmanl\u0131k","publisher":{"@id":"https:\/\/tapports.com\/#organization"},"alternateName":"Tapports | Teknolojik Altyap\u0131 | Operasyonel Destek | Stratejik Dan\u0131\u015fmanl\u0131k","potentialAction":[{"@type":"SearchAction","target":{"@type":"EntryPoint","urlTemplate":"https:\/\/tapports.com\/?s={search_term_string}"},"query-input":{"@type":"PropertyValueSpecification","valueRequired":true,"valueName":"search_term_string"}}],"inLanguage":"en-GB"},{"@type":"Organization","@id":"https:\/\/tapports.com\/#organization","name":"Tapports","alternateName":"Tapports Global \u0130\u015f \u00c7\u00f6z\u00fcmleri","url":"https:\/\/tapports.com\/","logo":{"@type":"ImageObject","inLanguage":"en-GB","@id":"https:\/\/tapports.com\/#\/schema\/logo\/image\/","url":"https:\/\/tapports.com\/wp-content\/uploads\/2019\/10\/azazaz.png","contentUrl":"https:\/\/tapports.com\/wp-content\/uploads\/2019\/10\/azazaz.png","width":171,"height":171,"caption":"Tapports"},"image":{"@id":"https:\/\/tapports.com\/#\/schema\/logo\/image\/"},"sameAs":["https:\/\/www.instagram.com\/tapportsglobal\/","https:\/\/www.linkedin.com\/company\/tapports-d\u0131\u015f-ticaret-ve-uluslararas\u0131-i\u0307\u015f-geli\u015ftirme\/"],"description":"Tapports, teknolojik altyap\u0131, operasyonel destek ve stratejik dan\u0131\u015fmanl\u0131k hizmetleriyle i\u015fletmelere verimli ve g\u00fcvenilir \u00e7\u00f6z\u00fcmler sunar.","email":"info@tapports.com","telephone":"0 541 632 45 01","legalName":"TAPPORTS"}]}},"_links":{"self":[{"href":"https:\/\/tapports.com\/en\/wp-json\/wp\/v2\/pages\/26","targetHints":{"allow":["GET"]}}],"collection":[{"href":"https:\/\/tapports.com\/en\/wp-json\/wp\/v2\/pages"}],"about":[{"href":"https:\/\/tapports.com\/en\/wp-json\/wp\/v2\/types\/page"}],"author":[{"embeddable":true,"href":"https:\/\/tapports.com\/en\/wp-json\/wp\/v2\/users\/2"}],"replies":[{"embeddable":true,"href":"https:\/\/tapports.com\/en\/wp-json\/wp\/v2\/comments?post=26"}],"version-history":[{"count":9,"href":"https:\/\/tapports.com\/en\/wp-json\/wp\/v2\/pages\/26\/revisions"}],"predecessor-version":[{"id":6564,"href":"https:\/\/tapports.com\/en\/wp-json\/wp\/v2\/pages\/26\/revisions\/6564"}],"wp:attachment":[{"href":"https:\/\/tapports.com\/en\/wp-json\/wp\/v2\/media?parent=26"}],"curies":[{"name":"wp","href":"https:\/\/api.w.org\/{rel}","templated":true}]}}