{"id":5804,"date":"2025-04-21T09:30:53","date_gmt":"2025-04-21T09:30:53","guid":{"rendered":"https:\/\/tapports.com\/?page_id=5804"},"modified":"2025-04-22T12:48:43","modified_gmt":"2025-04-22T12:48:43","slug":"kvkk-ve-gizlilik-politikasi","status":"publish","type":"page","link":"https:\/\/tapports.com\/en\/kvkk-ve-gizlilik-politikasi\/","title":{"rendered":"KVKK and Privacy Policy"},"content":{"rendered":"<div data-elementor-type=\"wp-page\" data-elementor-id=\"5804\" class=\"elementor elementor-5804\">\n\t\t\t\t<div class=\"elementor-element elementor-element-9a29738 e-flex e-con-boxed e-con e-parent\" data-id=\"9a29738\" data-element_type=\"container\" data-e-type=\"container\">\n\t\t\t\t\t<div class=\"e-con-inner\">\n\t\t\t\t<div class=\"elementor-element elementor-element-acef4b8 elementor-widget elementor-widget-text-editor\" data-id=\"acef4b8\" data-element_type=\"widget\" data-e-type=\"widget\" data-widget_type=\"text-editor.default\">\n\t\t\t\t<div class=\"elementor-widget-container\">\n\t\t\t\t\t\t\t\t\t<h3 class=\"\" data-start=\"676\" data-end=\"696\"><span style=\"color: #0a2e5d;\">Data Controller<\/span><\/h3>\n<p class=\"\" data-start=\"697\" data-end=\"831\">In this context, as the data controller, your personal data is processed by Tapports for the following purposes.<\/p>\n<h3 class=\"\" data-start=\"833\" data-end=\"873\"><span style=\"color: #0a2e5d;\">Purposes of Processing Personal Data<\/span><\/h3>\n<ul>\n<li data-start=\"876\" data-end=\"927\">Receiving and evaluating service requests<\/li>\n<li data-start=\"930\" data-end=\"965\">Execution of communication processes<\/li>\n<li data-start=\"968\" data-end=\"1039\">realisation of offers, information and marketing activities<\/li>\n<li data-start=\"1042\" data-end=\"1097\">Increasing customer satisfaction and service quality<\/li>\n<li data-start=\"1100\" data-end=\"1140\">Fulfilment of legal obligations<\/li>\n<li data-start=\"1142\" data-end=\"1182\">Method of Collection of Personal Data<\/li>\n<\/ul>\n<p class=\"\" data-start=\"1183\" data-end=\"1324\">Your data may be collected automatically or manually through our website, contact forms, e-mail or other digital channels.<\/p>\n<h3 class=\"\" data-start=\"1326\" data-end=\"1351\"><span style=\"color: #0a2e5d;\">Data Subject Rights<\/span><\/h3>\n<p class=\"\" data-start=\"1352\" data-end=\"1404\">Pursuant to Article 11 of the LPPD, as the data subject;<\/p>\n<ul>\n<li data-start=\"1407\" data-end=\"1460\">To learn whether your personal data is being processed or not<\/li>\n<li data-start=\"1463\" data-end=\"1505\">If processed, to request information about it<\/li>\n<li data-start=\"1508\" data-end=\"1559\">Learning whether it is used for its intended purpose<\/li>\n<li data-start=\"1562\" data-end=\"1616\">Request rectification or erasure of data<\/li>\n<li data-start=\"1619\" data-end=\"1697\">You have the right to request that the relevant transactions be notified to third parties.<\/li>\n<\/ul>\n<p class=\"\" data-start=\"1699\" data-end=\"1802\">Contact us for your enquiries and applications [<a href=\"mailto:info@tapports.com\" rel=\"noopener\">info@tapports.com<\/a>You can contact via ] address.<\/p>\n<hr class=\"\" data-start=\"1804\" data-end=\"1807\">\n<h2 class=\"\" data-start=\"1809\" data-end=\"1834\"><span style=\"color: #0a2e5d;\">Privacy Policy<\/span><\/h2>\n<p class=\"\" data-start=\"1836\" data-end=\"2038\">At Tapports, we care about the privacy of our visitors and business partners. This policy explains what information is collected when you visit our website, how it is used and protected.<\/p>\n<h3 class=\"\" data-start=\"2040\" data-end=\"2063\"><span style=\"color: #0a2e5d;\">Information Collected<\/span><\/h3>\n<p class=\"\" data-start=\"2064\" data-end=\"2310\">Through our website; Personal information such as name, surname, e-mail, telephone number is collected only if shared by you. In addition, cookie technologies may be used for visitor traffic and behavioural analysis.<\/p>\n<h3 class=\"\" data-start=\"2312\" data-end=\"2338\"><span style=\"color: #0a2e5d;\">Use of Information<\/span><\/h3>\n<p class=\"\" data-start=\"2339\" data-end=\"2403\">The collected data is used exclusively for the following purposes:<\/p>\n<ul>\n<li data-start=\"2406\" data-end=\"2432\">Responding to your enquiries<\/li>\n<li data-start=\"2435\" data-end=\"2473\">Providing special services and offers<\/li>\n<li data-start=\"2476\" data-end=\"2519\">To improve our website and service quality<\/li>\n<li data-start=\"2522\" data-end=\"2558\">To fulfil legal obligations<\/li>\n<\/ul>\n<h3 class=\"\" data-start=\"2560\" data-end=\"2581\"><span style=\"color: #0a2e5d;\">Knowledge Sharing<\/span><\/h3>\n<p class=\"\" data-start=\"2582\" data-end=\"2757\">The collected data is shared with third parties only with your explicit consent or when required by law. Tapports takes technical and administrative measures to ensure data security.<\/p>\n<h3 class=\"\" data-start=\"2759\" data-end=\"2780\"><span style=\"color: #0a2e5d;\">Use of Cookies<\/span><\/h3>\n<p class=\"\" data-start=\"2781\" data-end=\"2951\">Our website uses cookies to improve the user experience. If you wish, you can control or disable cookies in your browser settings.<\/p>\t\t\t\t\t\t\t\t<\/div>\n\t\t\t\t<\/div>\n\t\t\t\t\t<\/div>\n\t\t\t\t<\/div>\n\t\t\t\t<\/div>","protected":false},"excerpt":{"rendered":"<p>Data Controller In this context, as the data controller, your personal data is processed by Tapports for the following purposes. Purposes of Processing Personal Data Receiving and evaluating service requests Carrying out communication processes Carrying out offers, information and marketing activities Increasing customer satisfaction and service quality Fulfilment of legal obligations Method of Collecting Personal Data Your data; Our website, contact forms, e-mail or [...]<\/p>","protected":false},"author":1,"featured_media":0,"parent":0,"menu_order":0,"comment_status":"closed","ping_status":"closed","template":"","meta":{"footnotes":""},"class_list":["post-5804","page","type-page","status-publish","hentry"],"yoast_head":"<!-- This site is optimized with the Yoast SEO Premium plugin v22.5 (Yoast SEO v25.0) - https:\/\/yoast.com\/wordpress\/plugins\/seo\/ -->\n<title>KVKK ve Gizlilik Politikas\u0131 - TAPPORTS<\/title>\n<meta name=\"robots\" content=\"index, follow, max-snippet:-1, max-image-preview:large, max-video-preview:-1\" \/>\n<link rel=\"canonical\" href=\"https:\/\/tapports.com\/en\/kvkk-ve-gizlilik-politikasi\/\" \/>\n<meta property=\"og:locale\" content=\"en_GB\" \/>\n<meta property=\"og:type\" content=\"article\" \/>\n<meta property=\"og:title\" content=\"KVKK ve Gizlilik Politikas\u0131\" \/>\n<meta property=\"og:description\" content=\"Veri Sorumlusu Bu kapsamda, veri sorumlusu s\u0131fat\u0131yla, ki\u015fisel verileriniz Tapports taraf\u0131ndan a\u015fa\u011f\u0131da belirtilen ama\u00e7lar do\u011frultusunda i\u015flenmektedir. Ki\u015fisel Verilerin \u0130\u015flenme Ama\u00e7lar\u0131 Hizmet taleplerinin al\u0131nmas\u0131 ve de\u011ferlendirilmesi \u0130leti\u015fim s\u00fcre\u00e7lerinin y\u00fcr\u00fct\u00fclmesi Teklif, bilgilendirme ve pazarlama faaliyetlerinin ger\u00e7ekle\u015ftirilmesi M\u00fc\u015fteri memnuniyeti ve hizmet kalitesinin art\u0131r\u0131lmas\u0131 Yasal y\u00fck\u00fcml\u00fcl\u00fcklerin yerine getirilmesi Ki\u015fisel Verilerin Toplanma Y\u00f6ntemi Verileriniz; web sitemiz, ileti\u015fim formlar\u0131m\u0131z, e-posta veya [&hellip;]\" \/>\n<meta property=\"og:url\" content=\"https:\/\/tapports.com\/en\/kvkk-ve-gizlilik-politikasi\/\" \/>\n<meta property=\"og:site_name\" content=\"TAPPORTS\" \/>\n<meta property=\"article:modified_time\" content=\"2025-04-22T12:48:43+00:00\" \/>\n<meta property=\"og:image\" content=\"https:\/\/tapports.com\/wp-content\/uploads\/2025\/04\/Tapports-6-1024x576.png\" \/>\n\t<meta property=\"og:image:width\" content=\"1024\" \/>\n\t<meta property=\"og:image:height\" content=\"576\" \/>\n\t<meta property=\"og:image:type\" content=\"image\/png\" \/>\n<meta name=\"twitter:card\" content=\"summary_large_image\" \/>\n<meta name=\"twitter:label1\" content=\"Estimated reading time\" \/>\n\t<meta name=\"twitter:data1\" content=\"2 minutes\" \/>\n<script type=\"application\/ld+json\" class=\"yoast-schema-graph\">{\"@context\":\"https:\/\/schema.org\",\"@graph\":[{\"@type\":\"WebPage\",\"@id\":\"https:\/\/tapports.com\/kvkk-ve-gizlilik-politikasi\/\",\"url\":\"https:\/\/tapports.com\/kvkk-ve-gizlilik-politikasi\/\",\"name\":\"KVKK ve Gizlilik Politikas\u0131 - TAPPORTS\",\"isPartOf\":{\"@id\":\"https:\/\/tapports.com\/#website\"},\"datePublished\":\"2025-04-21T09:30:53+00:00\",\"dateModified\":\"2025-04-22T12:48:43+00:00\",\"breadcrumb\":{\"@id\":\"https:\/\/tapports.com\/kvkk-ve-gizlilik-politikasi\/#breadcrumb\"},\"inLanguage\":\"en-GB\",\"potentialAction\":[{\"@type\":\"ReadAction\",\"target\":[\"https:\/\/tapports.com\/kvkk-ve-gizlilik-politikasi\/\"]}]},{\"@type\":\"BreadcrumbList\",\"@id\":\"https:\/\/tapports.com\/kvkk-ve-gizlilik-politikasi\/#breadcrumb\",\"itemListElement\":[{\"@type\":\"ListItem\",\"position\":1,\"name\":\"Home\",\"item\":\"https:\/\/tapports.com\/\"},{\"@type\":\"ListItem\",\"position\":2,\"name\":\"KVKK ve Gizlilik Politikas\u0131\"}]},{\"@type\":\"WebSite\",\"@id\":\"https:\/\/tapports.com\/#website\",\"url\":\"https:\/\/tapports.com\/\",\"name\":\"TAPPORTS\",\"description\":\"Teknolojik Altyap\u0131 | Operasyonel Destek | Stratejik Dan\u0131\u015fmanl\u0131k\",\"publisher\":{\"@id\":\"https:\/\/tapports.com\/#organization\"},\"alternateName\":\"Tapports | Teknolojik Altyap\u0131 | Operasyonel Destek | Stratejik Dan\u0131\u015fmanl\u0131k\",\"potentialAction\":[{\"@type\":\"SearchAction\",\"target\":{\"@type\":\"EntryPoint\",\"urlTemplate\":\"https:\/\/tapports.com\/?s={search_term_string}\"},\"query-input\":{\"@type\":\"PropertyValueSpecification\",\"valueRequired\":true,\"valueName\":\"search_term_string\"}}],\"inLanguage\":\"en-GB\"},{\"@type\":\"Organization\",\"@id\":\"https:\/\/tapports.com\/#organization\",\"name\":\"Tapports\",\"alternateName\":\"Tapports Global \u0130\u015f \u00c7\u00f6z\u00fcmleri\",\"url\":\"https:\/\/tapports.com\/\",\"logo\":{\"@type\":\"ImageObject\",\"inLanguage\":\"en-GB\",\"@id\":\"https:\/\/tapports.com\/#\/schema\/logo\/image\/\",\"url\":\"https:\/\/tapports.com\/wp-content\/uploads\/2019\/10\/azazaz.png\",\"contentUrl\":\"https:\/\/tapports.com\/wp-content\/uploads\/2019\/10\/azazaz.png\",\"width\":171,\"height\":171,\"caption\":\"Tapports\"},\"image\":{\"@id\":\"https:\/\/tapports.com\/#\/schema\/logo\/image\/\"},\"sameAs\":[\"https:\/\/www.instagram.com\/tapportsglobal\/\",\"https:\/\/www.linkedin.com\/company\/tapports-d\u0131\u015f-ticaret-ve-uluslararas\u0131-i\u0307\u015f-geli\u015ftirme\/\"],\"description\":\"Tapports, teknolojik altyap\u0131, operasyonel destek ve stratejik dan\u0131\u015fmanl\u0131k hizmetleriyle i\u015fletmelere verimli ve g\u00fcvenilir \u00e7\u00f6z\u00fcmler sunar.\",\"email\":\"info@tapports.com\",\"telephone\":\"0 541 632 45 01\",\"legalName\":\"TAPPORTS\"}]}<\/script>\n<!-- \/ Yoast SEO Premium plugin. -->","yoast_head_json":{"title":"KVKK ve Gizlilik Politikas\u0131 - TAPPORTS","robots":{"index":"index","follow":"follow","max-snippet":"max-snippet:-1","max-image-preview":"max-image-preview:large","max-video-preview":"max-video-preview:-1"},"canonical":"https:\/\/tapports.com\/en\/kvkk-ve-gizlilik-politikasi\/","og_locale":"en_GB","og_type":"article","og_title":"KVKK ve Gizlilik Politikas\u0131","og_description":"Veri Sorumlusu Bu kapsamda, veri sorumlusu s\u0131fat\u0131yla, ki\u015fisel verileriniz Tapports taraf\u0131ndan a\u015fa\u011f\u0131da belirtilen ama\u00e7lar do\u011frultusunda i\u015flenmektedir. Ki\u015fisel Verilerin \u0130\u015flenme Ama\u00e7lar\u0131 Hizmet taleplerinin al\u0131nmas\u0131 ve de\u011ferlendirilmesi \u0130leti\u015fim s\u00fcre\u00e7lerinin y\u00fcr\u00fct\u00fclmesi Teklif, bilgilendirme ve pazarlama faaliyetlerinin ger\u00e7ekle\u015ftirilmesi M\u00fc\u015fteri memnuniyeti ve hizmet kalitesinin art\u0131r\u0131lmas\u0131 Yasal y\u00fck\u00fcml\u00fcl\u00fcklerin yerine getirilmesi Ki\u015fisel Verilerin Toplanma Y\u00f6ntemi Verileriniz; web sitemiz, ileti\u015fim formlar\u0131m\u0131z, e-posta veya [&hellip;]","og_url":"https:\/\/tapports.com\/en\/kvkk-ve-gizlilik-politikasi\/","og_site_name":"TAPPORTS","article_modified_time":"2025-04-22T12:48:43+00:00","og_image":[{"width":1024,"height":576,"url":"https:\/\/tapports.com\/wp-content\/uploads\/2025\/04\/Tapports-6-1024x576.png","type":"image\/png"}],"twitter_card":"summary_large_image","twitter_misc":{"Estimated reading time":"2 minutes"},"schema":{"@context":"https:\/\/schema.org","@graph":[{"@type":"WebPage","@id":"https:\/\/tapports.com\/kvkk-ve-gizlilik-politikasi\/","url":"https:\/\/tapports.com\/kvkk-ve-gizlilik-politikasi\/","name":"KVKK ve Gizlilik Politikas\u0131 - TAPPORTS","isPartOf":{"@id":"https:\/\/tapports.com\/#website"},"datePublished":"2025-04-21T09:30:53+00:00","dateModified":"2025-04-22T12:48:43+00:00","breadcrumb":{"@id":"https:\/\/tapports.com\/kvkk-ve-gizlilik-politikasi\/#breadcrumb"},"inLanguage":"en-GB","potentialAction":[{"@type":"ReadAction","target":["https:\/\/tapports.com\/kvkk-ve-gizlilik-politikasi\/"]}]},{"@type":"BreadcrumbList","@id":"https:\/\/tapports.com\/kvkk-ve-gizlilik-politikasi\/#breadcrumb","itemListElement":[{"@type":"ListItem","position":1,"name":"Home","item":"https:\/\/tapports.com\/"},{"@type":"ListItem","position":2,"name":"KVKK ve Gizlilik Politikas\u0131"}]},{"@type":"WebSite","@id":"https:\/\/tapports.com\/#website","url":"https:\/\/tapports.com\/","name":"TAPPORTS","description":"Teknolojik Altyap\u0131 | Operasyonel Destek | Stratejik Dan\u0131\u015fmanl\u0131k","publisher":{"@id":"https:\/\/tapports.com\/#organization"},"alternateName":"Tapports | Teknolojik Altyap\u0131 | Operasyonel Destek | Stratejik Dan\u0131\u015fmanl\u0131k","potentialAction":[{"@type":"SearchAction","target":{"@type":"EntryPoint","urlTemplate":"https:\/\/tapports.com\/?s={search_term_string}"},"query-input":{"@type":"PropertyValueSpecification","valueRequired":true,"valueName":"search_term_string"}}],"inLanguage":"en-GB"},{"@type":"Organization","@id":"https:\/\/tapports.com\/#organization","name":"Tapports","alternateName":"Tapports Global \u0130\u015f \u00c7\u00f6z\u00fcmleri","url":"https:\/\/tapports.com\/","logo":{"@type":"ImageObject","inLanguage":"en-GB","@id":"https:\/\/tapports.com\/#\/schema\/logo\/image\/","url":"https:\/\/tapports.com\/wp-content\/uploads\/2019\/10\/azazaz.png","contentUrl":"https:\/\/tapports.com\/wp-content\/uploads\/2019\/10\/azazaz.png","width":171,"height":171,"caption":"Tapports"},"image":{"@id":"https:\/\/tapports.com\/#\/schema\/logo\/image\/"},"sameAs":["https:\/\/www.instagram.com\/tapportsglobal\/","https:\/\/www.linkedin.com\/company\/tapports-d\u0131\u015f-ticaret-ve-uluslararas\u0131-i\u0307\u015f-geli\u015ftirme\/"],"description":"Tapports, teknolojik altyap\u0131, operasyonel destek ve stratejik dan\u0131\u015fmanl\u0131k hizmetleriyle i\u015fletmelere verimli ve g\u00fcvenilir \u00e7\u00f6z\u00fcmler sunar.","email":"info@tapports.com","telephone":"0 541 632 45 01","legalName":"TAPPORTS"}]}},"_links":{"self":[{"href":"https:\/\/tapports.com\/en\/wp-json\/wp\/v2\/pages\/5804","targetHints":{"allow":["GET"]}}],"collection":[{"href":"https:\/\/tapports.com\/en\/wp-json\/wp\/v2\/pages"}],"about":[{"href":"https:\/\/tapports.com\/en\/wp-json\/wp\/v2\/types\/page"}],"author":[{"embeddable":true,"href":"https:\/\/tapports.com\/en\/wp-json\/wp\/v2\/users\/1"}],"replies":[{"embeddable":true,"href":"https:\/\/tapports.com\/en\/wp-json\/wp\/v2\/comments?post=5804"}],"version-history":[{"count":0,"href":"https:\/\/tapports.com\/en\/wp-json\/wp\/v2\/pages\/5804\/revisions"}],"wp:attachment":[{"href":"https:\/\/tapports.com\/en\/wp-json\/wp\/v2\/media?parent=5804"}],"curies":[{"name":"wp","href":"https:\/\/api.w.org\/{rel}","templated":true}]}}