{"id":6530,"date":"2025-10-17T14:17:40","date_gmt":"2025-10-17T11:17:40","guid":{"rendered":"https:\/\/tapports.com\/?page_id=6530"},"modified":"2025-11-04T14:41:02","modified_gmt":"2025-11-04T11:41:02","slug":"cozum-ortaklarimiz","status":"publish","type":"page","link":"https:\/\/tapports.com\/en\/cozum-ortaklarimiz\/","title":{"rendered":"\u00c7\u00f6z\u00fcm Ortaklar\u0131m\u0131z"},"content":{"rendered":"<div data-elementor-type=\"wp-page\" data-elementor-id=\"6530\" class=\"elementor elementor-6530\">\n\t\t\t\t<div class=\"elementor-element elementor-element-85b9615 e-flex e-con-boxed e-con e-parent\" data-id=\"85b9615\" data-element_type=\"container\" data-e-type=\"container\">\n\t\t\t\t\t<div class=\"e-con-inner\">\n\t\t\t\t<div class=\"elementor-element elementor-element-a7f8a2f elementor-widget elementor-widget-image\" data-id=\"a7f8a2f\" data-element_type=\"widget\" data-e-type=\"widget\" data-widget_type=\"image.default\">\n\t\t\t\t<div class=\"elementor-widget-container\">\n\t\t\t\t\t\t\t\t\t\t\t\t\t\t\t\t<a href=\"\/en\/cozum-ortaklarimiz\/uzman-kobi\/\">\n\t\t\t\t\t\t\t<img decoding=\"async\" width=\"186\" height=\"48\" src=\"https:\/\/tapports.com\/wp-content\/uploads\/2025\/11\/logo.png\" class=\"elementor-animation-grow attachment-full size-full wp-image-6571\" alt=\"\" srcset=\"https:\/\/tapports.com\/wp-content\/uploads\/2025\/11\/logo.png 186w, https:\/\/tapports.com\/wp-content\/uploads\/2025\/11\/logo-18x5.png 18w\" sizes=\"(max-width: 186px) 100vw, 186px\" \/>\t\t\t\t\t\t\t\t<\/a>\n\t\t\t\t\t\t\t\t\t\t\t\t\t\t\t<\/div>\n\t\t\t\t<\/div>\n\t\t\t\t<div class=\"elementor-element elementor-element-f983e1d elementor-widget elementor-widget-image\" data-id=\"f983e1d\" data-element_type=\"widget\" data-e-type=\"widget\" data-widget_type=\"image.default\">\n\t\t\t\t<div class=\"elementor-widget-container\">\n\t\t\t\t\t\t\t\t\t\t\t\t\t\t\t\t<a href=\"\/en\/cozum-ortaklarimiz\/belgesert\/\">\n\t\t\t\t\t\t\t<img decoding=\"async\" width=\"202\" height=\"42\" src=\"https:\/\/tapports.com\/wp-content\/uploads\/2025\/11\/images-e1762254373734.png\" class=\"elementor-animation-grow attachment-large size-large wp-image-6580\" alt=\"\" srcset=\"https:\/\/tapports.com\/wp-content\/uploads\/2025\/11\/images-e1762254373734.png 202w, https:\/\/tapports.com\/wp-content\/uploads\/2025\/11\/images-e1762254373734-18x4.png 18w\" sizes=\"(max-width: 202px) 100vw, 202px\" \/>\t\t\t\t\t\t\t\t<\/a>\n\t\t\t\t\t\t\t\t\t\t\t\t\t\t\t<\/div>\n\t\t\t\t<\/div>\n\t\t\t\t\t<\/div>\n\t\t\t\t<\/div>\n\t\t\t\t<\/div>","protected":false},"excerpt":{"rendered":"","protected":false},"author":3,"featured_media":0,"parent":0,"menu_order":0,"comment_status":"closed","ping_status":"closed","template":"","meta":{"footnotes":""},"class_list":["post-6530","page","type-page","status-publish","hentry"],"yoast_head":"<!-- This site is optimized with the Yoast SEO Premium plugin v22.5 (Yoast SEO v25.0) - https:\/\/yoast.com\/wordpress\/plugins\/seo\/ -->\n<title>\u00c7\u00f6z\u00fcm Ortaklar\u0131m\u0131z - TAPPORTS<\/title>\n<meta name=\"robots\" content=\"index, follow, max-snippet:-1, max-image-preview:large, max-video-preview:-1\" \/>\n<link rel=\"canonical\" href=\"https:\/\/tapports.com\/en\/cozum-ortaklarimiz\/\" \/>\n<meta property=\"og:locale\" content=\"en_GB\" \/>\n<meta property=\"og:type\" content=\"article\" \/>\n<meta property=\"og:title\" content=\"\u00c7\u00f6z\u00fcm Ortaklar\u0131m\u0131z\" \/>\n<meta property=\"og:url\" content=\"https:\/\/tapports.com\/en\/cozum-ortaklarimiz\/\" \/>\n<meta property=\"og:site_name\" content=\"TAPPORTS\" \/>\n<meta property=\"article:modified_time\" content=\"2025-11-04T11:41:02+00:00\" \/>\n<meta property=\"og:image\" content=\"http:\/\/tapports.com\/wp-content\/uploads\/2025\/11\/logo.png\" \/>\n<meta name=\"twitter:card\" content=\"summary_large_image\" \/>\n<meta name=\"twitter:label1\" content=\"Estimated reading time\" \/>\n\t<meta name=\"twitter:data1\" content=\"1 minute\" \/>\n<script type=\"application\/ld+json\" class=\"yoast-schema-graph\">{\"@context\":\"https:\/\/schema.org\",\"@graph\":[{\"@type\":\"WebPage\",\"@id\":\"https:\/\/tapports.com\/cozum-ortaklarimiz\/\",\"url\":\"https:\/\/tapports.com\/cozum-ortaklarimiz\/\",\"name\":\"\u00c7\u00f6z\u00fcm Ortaklar\u0131m\u0131z - TAPPORTS\",\"isPartOf\":{\"@id\":\"https:\/\/tapports.com\/#website\"},\"primaryImageOfPage\":{\"@id\":\"https:\/\/tapports.com\/cozum-ortaklarimiz\/#primaryimage\"},\"image\":{\"@id\":\"https:\/\/tapports.com\/cozum-ortaklarimiz\/#primaryimage\"},\"thumbnailUrl\":\"http:\/\/tapports.com\/wp-content\/uploads\/2025\/11\/logo.png\",\"datePublished\":\"2025-10-17T11:17:40+00:00\",\"dateModified\":\"2025-11-04T11:41:02+00:00\",\"breadcrumb\":{\"@id\":\"https:\/\/tapports.com\/cozum-ortaklarimiz\/#breadcrumb\"},\"inLanguage\":\"en-GB\",\"potentialAction\":[{\"@type\":\"ReadAction\",\"target\":[\"https:\/\/tapports.com\/cozum-ortaklarimiz\/\"]}]},{\"@type\":\"ImageObject\",\"inLanguage\":\"en-GB\",\"@id\":\"https:\/\/tapports.com\/cozum-ortaklarimiz\/#primaryimage\",\"url\":\"http:\/\/tapports.com\/wp-content\/uploads\/2025\/11\/logo.png\",\"contentUrl\":\"http:\/\/tapports.com\/wp-content\/uploads\/2025\/11\/logo.png\"},{\"@type\":\"BreadcrumbList\",\"@id\":\"https:\/\/tapports.com\/cozum-ortaklarimiz\/#breadcrumb\",\"itemListElement\":[{\"@type\":\"ListItem\",\"position\":1,\"name\":\"Home\",\"item\":\"https:\/\/tapports.com\/\"},{\"@type\":\"ListItem\",\"position\":2,\"name\":\"\u00c7\u00f6z\u00fcm Ortaklar\u0131m\u0131z\"}]},{\"@type\":\"WebSite\",\"@id\":\"https:\/\/tapports.com\/#website\",\"url\":\"https:\/\/tapports.com\/\",\"name\":\"TAPPORTS\",\"description\":\"Teknolojik Altyap\u0131 | Operasyonel Destek | Stratejik Dan\u0131\u015fmanl\u0131k\",\"publisher\":{\"@id\":\"https:\/\/tapports.com\/#organization\"},\"alternateName\":\"Tapports | Teknolojik Altyap\u0131 | Operasyonel Destek | Stratejik Dan\u0131\u015fmanl\u0131k\",\"potentialAction\":[{\"@type\":\"SearchAction\",\"target\":{\"@type\":\"EntryPoint\",\"urlTemplate\":\"https:\/\/tapports.com\/?s={search_term_string}\"},\"query-input\":{\"@type\":\"PropertyValueSpecification\",\"valueRequired\":true,\"valueName\":\"search_term_string\"}}],\"inLanguage\":\"en-GB\"},{\"@type\":\"Organization\",\"@id\":\"https:\/\/tapports.com\/#organization\",\"name\":\"Tapports\",\"alternateName\":\"Tapports Global \u0130\u015f \u00c7\u00f6z\u00fcmleri\",\"url\":\"https:\/\/tapports.com\/\",\"logo\":{\"@type\":\"ImageObject\",\"inLanguage\":\"en-GB\",\"@id\":\"https:\/\/tapports.com\/#\/schema\/logo\/image\/\",\"url\":\"https:\/\/tapports.com\/wp-content\/uploads\/2019\/10\/azazaz.png\",\"contentUrl\":\"https:\/\/tapports.com\/wp-content\/uploads\/2019\/10\/azazaz.png\",\"width\":171,\"height\":171,\"caption\":\"Tapports\"},\"image\":{\"@id\":\"https:\/\/tapports.com\/#\/schema\/logo\/image\/\"},\"sameAs\":[\"https:\/\/www.instagram.com\/tapportsglobal\/\",\"https:\/\/www.linkedin.com\/company\/tapports-d\u0131\u015f-ticaret-ve-uluslararas\u0131-i\u0307\u015f-geli\u015ftirme\/\"],\"description\":\"Tapports, teknolojik altyap\u0131, operasyonel destek ve stratejik dan\u0131\u015fmanl\u0131k hizmetleriyle i\u015fletmelere verimli ve g\u00fcvenilir \u00e7\u00f6z\u00fcmler sunar.\",\"email\":\"info@tapports.com\",\"telephone\":\"0 541 632 45 01\",\"legalName\":\"TAPPORTS\"}]}<\/script>\n<!-- \/ Yoast SEO Premium plugin. -->","yoast_head_json":{"title":"\u00c7\u00f6z\u00fcm Ortaklar\u0131m\u0131z - TAPPORTS","robots":{"index":"index","follow":"follow","max-snippet":"max-snippet:-1","max-image-preview":"max-image-preview:large","max-video-preview":"max-video-preview:-1"},"canonical":"https:\/\/tapports.com\/en\/cozum-ortaklarimiz\/","og_locale":"en_GB","og_type":"article","og_title":"\u00c7\u00f6z\u00fcm Ortaklar\u0131m\u0131z","og_url":"https:\/\/tapports.com\/en\/cozum-ortaklarimiz\/","og_site_name":"TAPPORTS","article_modified_time":"2025-11-04T11:41:02+00:00","og_image":[{"url":"http:\/\/tapports.com\/wp-content\/uploads\/2025\/11\/logo.png","type":"","width":"","height":""}],"twitter_card":"summary_large_image","twitter_misc":{"Estimated reading time":"1 minute"},"schema":{"@context":"https:\/\/schema.org","@graph":[{"@type":"WebPage","@id":"https:\/\/tapports.com\/cozum-ortaklarimiz\/","url":"https:\/\/tapports.com\/cozum-ortaklarimiz\/","name":"\u00c7\u00f6z\u00fcm Ortaklar\u0131m\u0131z - TAPPORTS","isPartOf":{"@id":"https:\/\/tapports.com\/#website"},"primaryImageOfPage":{"@id":"https:\/\/tapports.com\/cozum-ortaklarimiz\/#primaryimage"},"image":{"@id":"https:\/\/tapports.com\/cozum-ortaklarimiz\/#primaryimage"},"thumbnailUrl":"http:\/\/tapports.com\/wp-content\/uploads\/2025\/11\/logo.png","datePublished":"2025-10-17T11:17:40+00:00","dateModified":"2025-11-04T11:41:02+00:00","breadcrumb":{"@id":"https:\/\/tapports.com\/cozum-ortaklarimiz\/#breadcrumb"},"inLanguage":"en-GB","potentialAction":[{"@type":"ReadAction","target":["https:\/\/tapports.com\/cozum-ortaklarimiz\/"]}]},{"@type":"ImageObject","inLanguage":"en-GB","@id":"https:\/\/tapports.com\/cozum-ortaklarimiz\/#primaryimage","url":"http:\/\/tapports.com\/wp-content\/uploads\/2025\/11\/logo.png","contentUrl":"http:\/\/tapports.com\/wp-content\/uploads\/2025\/11\/logo.png"},{"@type":"BreadcrumbList","@id":"https:\/\/tapports.com\/cozum-ortaklarimiz\/#breadcrumb","itemListElement":[{"@type":"ListItem","position":1,"name":"Home","item":"https:\/\/tapports.com\/"},{"@type":"ListItem","position":2,"name":"\u00c7\u00f6z\u00fcm Ortaklar\u0131m\u0131z"}]},{"@type":"WebSite","@id":"https:\/\/tapports.com\/#website","url":"https:\/\/tapports.com\/","name":"TAPPORTS","description":"Teknolojik Altyap\u0131 | Operasyonel Destek | Stratejik Dan\u0131\u015fmanl\u0131k","publisher":{"@id":"https:\/\/tapports.com\/#organization"},"alternateName":"Tapports | Teknolojik Altyap\u0131 | Operasyonel Destek | Stratejik Dan\u0131\u015fmanl\u0131k","potentialAction":[{"@type":"SearchAction","target":{"@type":"EntryPoint","urlTemplate":"https:\/\/tapports.com\/?s={search_term_string}"},"query-input":{"@type":"PropertyValueSpecification","valueRequired":true,"valueName":"search_term_string"}}],"inLanguage":"en-GB"},{"@type":"Organization","@id":"https:\/\/tapports.com\/#organization","name":"Tapports","alternateName":"Tapports Global \u0130\u015f \u00c7\u00f6z\u00fcmleri","url":"https:\/\/tapports.com\/","logo":{"@type":"ImageObject","inLanguage":"en-GB","@id":"https:\/\/tapports.com\/#\/schema\/logo\/image\/","url":"https:\/\/tapports.com\/wp-content\/uploads\/2019\/10\/azazaz.png","contentUrl":"https:\/\/tapports.com\/wp-content\/uploads\/2019\/10\/azazaz.png","width":171,"height":171,"caption":"Tapports"},"image":{"@id":"https:\/\/tapports.com\/#\/schema\/logo\/image\/"},"sameAs":["https:\/\/www.instagram.com\/tapportsglobal\/","https:\/\/www.linkedin.com\/company\/tapports-d\u0131\u015f-ticaret-ve-uluslararas\u0131-i\u0307\u015f-geli\u015ftirme\/"],"description":"Tapports, teknolojik altyap\u0131, operasyonel destek ve stratejik dan\u0131\u015fmanl\u0131k hizmetleriyle i\u015fletmelere verimli ve g\u00fcvenilir \u00e7\u00f6z\u00fcmler sunar.","email":"info@tapports.com","telephone":"0 541 632 45 01","legalName":"TAPPORTS"}]}},"_links":{"self":[{"href":"https:\/\/tapports.com\/en\/wp-json\/wp\/v2\/pages\/6530","targetHints":{"allow":["GET"]}}],"collection":[{"href":"https:\/\/tapports.com\/en\/wp-json\/wp\/v2\/pages"}],"about":[{"href":"https:\/\/tapports.com\/en\/wp-json\/wp\/v2\/types\/page"}],"author":[{"embeddable":true,"href":"https:\/\/tapports.com\/en\/wp-json\/wp\/v2\/users\/3"}],"replies":[{"embeddable":true,"href":"https:\/\/tapports.com\/en\/wp-json\/wp\/v2\/comments?post=6530"}],"version-history":[{"count":31,"href":"https:\/\/tapports.com\/en\/wp-json\/wp\/v2\/pages\/6530\/revisions"}],"predecessor-version":[{"id":6610,"href":"https:\/\/tapports.com\/en\/wp-json\/wp\/v2\/pages\/6530\/revisions\/6610"}],"wp:attachment":[{"href":"https:\/\/tapports.com\/en\/wp-json\/wp\/v2\/media?parent=6530"}],"curies":[{"name":"wp","href":"https:\/\/api.w.org\/{rel}","templated":true}]}}