{"id":6573,"date":"2025-11-04T13:59:49","date_gmt":"2025-11-04T10:59:49","guid":{"rendered":"https:\/\/tapports.com\/?page_id=6573"},"modified":"2025-11-04T14:08:29","modified_gmt":"2025-11-04T11:08:29","slug":"belgesert","status":"publish","type":"page","link":"https:\/\/tapports.com\/en\/cozum-ortaklarimiz\/belgesert\/","title":{"rendered":"Belgesert"},"content":{"rendered":"<div data-elementor-type=\"wp-page\" data-elementor-id=\"6573\" class=\"elementor elementor-6573\">\n\t\t\t\t        <section class=\"elementor-section elementor-top-section elementor-element elementor-element-34976f9 elementor-section-boxed elementor-section-height-default elementor-section-height-default ct-header-fixed-none ct-row-max-none\" data-id=\"34976f9\" data-element_type=\"section\" data-e-type=\"section\" data-settings=\"{&quot;background_background&quot;:&quot;classic&quot;}\">\n            \n                        <div class=\"elementor-container elementor-column-gap-extended\">\n                    <div class=\"elementor-column elementor-col-50 elementor-top-column elementor-element elementor-element-eb547cc\" data-id=\"eb547cc\" data-element_type=\"column\" data-e-type=\"column\">\n        <div class=\"elementor-widget-wrap elementor-element-populated\">\n                    \n        \t\t<div class=\"elementor-element elementor-element-e272da7 elementor-widget elementor-widget-image\" data-id=\"e272da7\" data-element_type=\"widget\" data-e-type=\"widget\" data-widget_type=\"image.default\">\n\t\t\t\t<div class=\"elementor-widget-container\">\n\t\t\t\t\t\t\t\t\t\t\t\t\t\t\t\t<a href=\"http:\/\/tapports.com\/wp-content\/uploads\/2025\/10\/Tapports-Siber-Guvenlik.jpg\" data-elementor-open-lightbox=\"yes\" data-elementor-lightbox-title=\"Tapports Siber G\u00fcvenlik\" data-e-action-hash=\"#elementor-action%3Aaction%3Dlightbox%26settings%3DeyJpZCI6NjUzMywidXJsIjoiaHR0cHM6XC9cL3RhcHBvcnRzLmNvbVwvd3AtY29udGVudFwvdXBsb2Fkc1wvMjAyNVwvMTBcL1RhcHBvcnRzLVNpYmVyLUd1dmVubGlrLmpwZyJ9\">\n\t\t\t\t\t\t\t<img fetchpriority=\"high\" decoding=\"async\" width=\"1024\" height=\"1280\" src=\"https:\/\/tapports.com\/wp-content\/uploads\/2025\/10\/Tapports-Siber-Guvenlik.jpg\" class=\"attachment-full size-full wp-image-6533\" alt=\"\" srcset=\"https:\/\/tapports.com\/wp-content\/uploads\/2025\/10\/Tapports-Siber-Guvenlik.jpg 1024w, https:\/\/tapports.com\/wp-content\/uploads\/2025\/10\/Tapports-Siber-Guvenlik-240x300.jpg 240w, https:\/\/tapports.com\/wp-content\/uploads\/2025\/10\/Tapports-Siber-Guvenlik-819x1024.jpg 819w, https:\/\/tapports.com\/wp-content\/uploads\/2025\/10\/Tapports-Siber-Guvenlik-768x960.jpg 768w, https:\/\/tapports.com\/wp-content\/uploads\/2025\/10\/Tapports-Siber-Guvenlik-10x12.jpg 10w\" sizes=\"(max-width: 1024px) 100vw, 1024px\" \/>\t\t\t\t\t\t\t\t<\/a>\n\t\t\t\t\t\t\t\t\t\t\t\t\t\t\t<\/div>\n\t\t\t\t<\/div>\n\t\t            <\/div>\n        <\/div>\n                <div class=\"elementor-column elementor-col-50 elementor-top-column elementor-element elementor-element-7c4c2ee\" data-id=\"7c4c2ee\" data-element_type=\"column\" data-e-type=\"column\">\n        <div class=\"elementor-widget-wrap elementor-element-populated\">\n                    \n        \t\t<div class=\"elementor-element elementor-element-8766703 elementor-widget elementor-widget-ct_heading\" data-id=\"8766703\" data-element_type=\"widget\" data-e-type=\"widget\" data-widget_type=\"ct_heading.default\">\n\t\t\t\t<div class=\"elementor-widget-container\">\n\t\t\t\t\t<div id=\"ct_heading-8766703\" class=\"ct-heading h-align- sub-style1 ct-heading-left item-st-line-left2\">\r\n\t<div class=\"ct-item--inner\">\r\n        <div class=\"ct-inline-css\"  data-css=\"            \">\r\n        <\/div>\r\n                <h3 class=\"item--title st-line-left2 case-animate-time\" data-wow-delay=\"ms\">\r\n                        <span class=\"sp-main\">\r\n                                    <i><\/i>\r\n                \r\n                Siber g\u00fcvenlikte g\u00fc\u00e7l\u00fc bir ad\u0131m!\r\n                \r\n                            <\/span>\r\n                    <\/h3>\r\n    <\/div>\r\n<\/div>\t\t\t\t<\/div>\n\t\t\t\t<\/div>\n\t\t        <section class=\"elementor-section elementor-inner-section elementor-element elementor-element-7428711 elementor-section-boxed elementor-section-height-default elementor-section-height-default ct-header-fixed-none ct-row-max-none\" data-id=\"7428711\" data-element_type=\"section\" data-e-type=\"section\">\n            \n                        <div class=\"elementor-container elementor-column-gap-extended\">\n                    <div class=\"elementor-column elementor-col-100 elementor-inner-column elementor-element elementor-element-91738ac\" data-id=\"91738ac\" data-element_type=\"column\" data-e-type=\"column\">\n        <div class=\"elementor-widget-wrap elementor-element-populated\">\n                    \n        \t\t<div class=\"elementor-element elementor-element-8c268cd elementor-widget elementor-widget-text-editor\" data-id=\"8c268cd\" data-element_type=\"widget\" data-e-type=\"widget\" data-widget_type=\"text-editor.default\">\n\t\t\t\t<div class=\"elementor-widget-container\">\n\t\t\t\t\t\t\t\t\t<p>Tapports olarak, sekt\u00f6rdeki g\u00fcvenilir payda\u015flar\u0131m\u0131zdan Belgesert ile ger\u00e7ekle\u015ftirdi\u011fimiz i\u015f birli\u011fiyle; kurumlar\u0131n dijital altyap\u0131lar\u0131n\u0131 siber tehditlere kar\u015f\u0131 daha dayan\u0131kl\u0131 hale getiriyoruz.<\/p><p>Penetrasyon testleri ve kapsaml\u0131 g\u00fcvenlik analizleriyle, \u015firketlerin zafiyetlerini ortaya \u00e7\u0131kar\u0131yor, risklerini minimize ediyor ve veri g\u00fcvenli\u011fini g\u00fc\u00e7lendiriyoruz.<\/p><p>Her i\u015fletme art\u0131k sadece \u00fcretim veya ticarette de\u011fil, bilgi g\u00fcvenli\u011finde de sa\u011flam bir stratejiye sahip olmal\u0131.<\/p>\t\t\t\t\t\t\t\t<\/div>\n\t\t\t\t<\/div>\n\t\t            <\/div>\n        <\/div>\n                    <\/div>\n        <\/section>\n                    <\/div>\n        <\/div>\n                    <\/div>\n        <\/section>\n        \t\t<\/div>","protected":false},"excerpt":{"rendered":"<p>Siber g\u00fcvenlikte g\u00fc\u00e7l\u00fc bir ad\u0131m! Tapports olarak, sekt\u00f6rdeki g\u00fcvenilir payda\u015flar\u0131m\u0131zdan Belgesert ile ger\u00e7ekle\u015ftirdi\u011fimiz i\u015f birli\u011fiyle; kurumlar\u0131n dijital altyap\u0131lar\u0131n\u0131 siber tehditlere kar\u015f\u0131 daha dayan\u0131kl\u0131 hale getiriyoruz. Penetrasyon testleri ve kapsaml\u0131 g\u00fcvenlik analizleriyle, \u015firketlerin zafiyetlerini ortaya \u00e7\u0131kar\u0131yor, risklerini minimize ediyor ve veri g\u00fcvenli\u011fini g\u00fc\u00e7lendiriyoruz. Her i\u015fletme art\u0131k sadece \u00fcretim veya ticarette de\u011fil, bilgi g\u00fcvenli\u011finde de sa\u011flam bir [&hellip;]<\/p>","protected":false},"author":3,"featured_media":0,"parent":6530,"menu_order":0,"comment_status":"closed","ping_status":"closed","template":"","meta":{"footnotes":""},"class_list":["post-6573","page","type-page","status-publish","hentry"],"yoast_head":"<!-- This site is optimized with the Yoast SEO Premium plugin v22.5 (Yoast SEO v25.0) - https:\/\/yoast.com\/wordpress\/plugins\/seo\/ -->\n<title>Belgesert - TAPPORTS<\/title>\n<meta name=\"robots\" content=\"index, follow, max-snippet:-1, max-image-preview:large, max-video-preview:-1\" \/>\n<link rel=\"canonical\" href=\"https:\/\/tapports.com\/en\/cozum-ortaklarimiz\/belgesert\/\" \/>\n<meta property=\"og:locale\" content=\"en_GB\" \/>\n<meta property=\"og:type\" content=\"article\" \/>\n<meta property=\"og:title\" content=\"Belgesert\" \/>\n<meta property=\"og:description\" content=\"Siber g\u00fcvenlikte g\u00fc\u00e7l\u00fc bir ad\u0131m! Tapports olarak, sekt\u00f6rdeki g\u00fcvenilir payda\u015flar\u0131m\u0131zdan Belgesert ile ger\u00e7ekle\u015ftirdi\u011fimiz i\u015f birli\u011fiyle; kurumlar\u0131n dijital altyap\u0131lar\u0131n\u0131 siber tehditlere kar\u015f\u0131 daha dayan\u0131kl\u0131 hale getiriyoruz. Penetrasyon testleri ve kapsaml\u0131 g\u00fcvenlik analizleriyle, \u015firketlerin zafiyetlerini ortaya \u00e7\u0131kar\u0131yor, risklerini minimize ediyor ve veri g\u00fcvenli\u011fini g\u00fc\u00e7lendiriyoruz. Her i\u015fletme art\u0131k sadece \u00fcretim veya ticarette de\u011fil, bilgi g\u00fcvenli\u011finde de sa\u011flam bir [&hellip;]\" \/>\n<meta property=\"og:url\" content=\"https:\/\/tapports.com\/en\/cozum-ortaklarimiz\/belgesert\/\" \/>\n<meta property=\"og:site_name\" content=\"TAPPORTS\" \/>\n<meta property=\"article:modified_time\" content=\"2025-11-04T11:08:29+00:00\" \/>\n<meta property=\"og:image\" content=\"http:\/\/tapports.com\/wp-content\/uploads\/2025\/10\/Tapports-Siber-Guvenlik.jpg\" \/>\n<meta name=\"twitter:card\" content=\"summary_large_image\" \/>\n<meta name=\"twitter:label1\" content=\"Estimated reading time\" \/>\n\t<meta name=\"twitter:data1\" content=\"1 minute\" \/>\n<script type=\"application\/ld+json\" class=\"yoast-schema-graph\">{\"@context\":\"https:\/\/schema.org\",\"@graph\":[{\"@type\":\"WebPage\",\"@id\":\"https:\/\/tapports.com\/cozum-ortaklarimiz\/belgesert\/\",\"url\":\"https:\/\/tapports.com\/cozum-ortaklarimiz\/belgesert\/\",\"name\":\"Belgesert - TAPPORTS\",\"isPartOf\":{\"@id\":\"https:\/\/tapports.com\/#website\"},\"primaryImageOfPage\":{\"@id\":\"https:\/\/tapports.com\/cozum-ortaklarimiz\/belgesert\/#primaryimage\"},\"image\":{\"@id\":\"https:\/\/tapports.com\/cozum-ortaklarimiz\/belgesert\/#primaryimage\"},\"thumbnailUrl\":\"http:\/\/tapports.com\/wp-content\/uploads\/2025\/10\/Tapports-Siber-Guvenlik.jpg\",\"datePublished\":\"2025-11-04T10:59:49+00:00\",\"dateModified\":\"2025-11-04T11:08:29+00:00\",\"breadcrumb\":{\"@id\":\"https:\/\/tapports.com\/cozum-ortaklarimiz\/belgesert\/#breadcrumb\"},\"inLanguage\":\"en-GB\",\"potentialAction\":[{\"@type\":\"ReadAction\",\"target\":[\"https:\/\/tapports.com\/cozum-ortaklarimiz\/belgesert\/\"]}]},{\"@type\":\"ImageObject\",\"inLanguage\":\"en-GB\",\"@id\":\"https:\/\/tapports.com\/cozum-ortaklarimiz\/belgesert\/#primaryimage\",\"url\":\"http:\/\/tapports.com\/wp-content\/uploads\/2025\/10\/Tapports-Siber-Guvenlik.jpg\",\"contentUrl\":\"http:\/\/tapports.com\/wp-content\/uploads\/2025\/10\/Tapports-Siber-Guvenlik.jpg\"},{\"@type\":\"BreadcrumbList\",\"@id\":\"https:\/\/tapports.com\/cozum-ortaklarimiz\/belgesert\/#breadcrumb\",\"itemListElement\":[{\"@type\":\"ListItem\",\"position\":1,\"name\":\"Home\",\"item\":\"https:\/\/tapports.com\/\"},{\"@type\":\"ListItem\",\"position\":2,\"name\":\"\u00c7\u00f6z\u00fcm Ortaklar\u0131m\u0131z\",\"item\":\"https:\/\/tapports.com\/cozum-ortaklarimiz\/\"},{\"@type\":\"ListItem\",\"position\":3,\"name\":\"Belgesert\"}]},{\"@type\":\"WebSite\",\"@id\":\"https:\/\/tapports.com\/#website\",\"url\":\"https:\/\/tapports.com\/\",\"name\":\"TAPPORTS\",\"description\":\"Teknolojik Altyap\u0131 | Operasyonel Destek | Stratejik Dan\u0131\u015fmanl\u0131k\",\"publisher\":{\"@id\":\"https:\/\/tapports.com\/#organization\"},\"alternateName\":\"Tapports | Teknolojik Altyap\u0131 | Operasyonel Destek | Stratejik Dan\u0131\u015fmanl\u0131k\",\"potentialAction\":[{\"@type\":\"SearchAction\",\"target\":{\"@type\":\"EntryPoint\",\"urlTemplate\":\"https:\/\/tapports.com\/?s={search_term_string}\"},\"query-input\":{\"@type\":\"PropertyValueSpecification\",\"valueRequired\":true,\"valueName\":\"search_term_string\"}}],\"inLanguage\":\"en-GB\"},{\"@type\":\"Organization\",\"@id\":\"https:\/\/tapports.com\/#organization\",\"name\":\"Tapports\",\"alternateName\":\"Tapports Global \u0130\u015f \u00c7\u00f6z\u00fcmleri\",\"url\":\"https:\/\/tapports.com\/\",\"logo\":{\"@type\":\"ImageObject\",\"inLanguage\":\"en-GB\",\"@id\":\"https:\/\/tapports.com\/#\/schema\/logo\/image\/\",\"url\":\"https:\/\/tapports.com\/wp-content\/uploads\/2019\/10\/azazaz.png\",\"contentUrl\":\"https:\/\/tapports.com\/wp-content\/uploads\/2019\/10\/azazaz.png\",\"width\":171,\"height\":171,\"caption\":\"Tapports\"},\"image\":{\"@id\":\"https:\/\/tapports.com\/#\/schema\/logo\/image\/\"},\"sameAs\":[\"https:\/\/www.instagram.com\/tapportsglobal\/\",\"https:\/\/www.linkedin.com\/company\/tapports-d\u0131\u015f-ticaret-ve-uluslararas\u0131-i\u0307\u015f-geli\u015ftirme\/\"],\"description\":\"Tapports, teknolojik altyap\u0131, operasyonel destek ve stratejik dan\u0131\u015fmanl\u0131k hizmetleriyle i\u015fletmelere verimli ve g\u00fcvenilir \u00e7\u00f6z\u00fcmler sunar.\",\"email\":\"info@tapports.com\",\"telephone\":\"0 541 632 45 01\",\"legalName\":\"TAPPORTS\"}]}<\/script>\n<!-- \/ Yoast SEO Premium plugin. -->","yoast_head_json":{"title":"Belgesert - TAPPORTS","robots":{"index":"index","follow":"follow","max-snippet":"max-snippet:-1","max-image-preview":"max-image-preview:large","max-video-preview":"max-video-preview:-1"},"canonical":"https:\/\/tapports.com\/en\/cozum-ortaklarimiz\/belgesert\/","og_locale":"en_GB","og_type":"article","og_title":"Belgesert","og_description":"Siber g\u00fcvenlikte g\u00fc\u00e7l\u00fc bir ad\u0131m! Tapports olarak, sekt\u00f6rdeki g\u00fcvenilir payda\u015flar\u0131m\u0131zdan Belgesert ile ger\u00e7ekle\u015ftirdi\u011fimiz i\u015f birli\u011fiyle; kurumlar\u0131n dijital altyap\u0131lar\u0131n\u0131 siber tehditlere kar\u015f\u0131 daha dayan\u0131kl\u0131 hale getiriyoruz. Penetrasyon testleri ve kapsaml\u0131 g\u00fcvenlik analizleriyle, \u015firketlerin zafiyetlerini ortaya \u00e7\u0131kar\u0131yor, risklerini minimize ediyor ve veri g\u00fcvenli\u011fini g\u00fc\u00e7lendiriyoruz. Her i\u015fletme art\u0131k sadece \u00fcretim veya ticarette de\u011fil, bilgi g\u00fcvenli\u011finde de sa\u011flam bir [&hellip;]","og_url":"https:\/\/tapports.com\/en\/cozum-ortaklarimiz\/belgesert\/","og_site_name":"TAPPORTS","article_modified_time":"2025-11-04T11:08:29+00:00","og_image":[{"url":"http:\/\/tapports.com\/wp-content\/uploads\/2025\/10\/Tapports-Siber-Guvenlik.jpg","type":"","width":"","height":""}],"twitter_card":"summary_large_image","twitter_misc":{"Estimated reading time":"1 minute"},"schema":{"@context":"https:\/\/schema.org","@graph":[{"@type":"WebPage","@id":"https:\/\/tapports.com\/cozum-ortaklarimiz\/belgesert\/","url":"https:\/\/tapports.com\/cozum-ortaklarimiz\/belgesert\/","name":"Belgesert - TAPPORTS","isPartOf":{"@id":"https:\/\/tapports.com\/#website"},"primaryImageOfPage":{"@id":"https:\/\/tapports.com\/cozum-ortaklarimiz\/belgesert\/#primaryimage"},"image":{"@id":"https:\/\/tapports.com\/cozum-ortaklarimiz\/belgesert\/#primaryimage"},"thumbnailUrl":"http:\/\/tapports.com\/wp-content\/uploads\/2025\/10\/Tapports-Siber-Guvenlik.jpg","datePublished":"2025-11-04T10:59:49+00:00","dateModified":"2025-11-04T11:08:29+00:00","breadcrumb":{"@id":"https:\/\/tapports.com\/cozum-ortaklarimiz\/belgesert\/#breadcrumb"},"inLanguage":"en-GB","potentialAction":[{"@type":"ReadAction","target":["https:\/\/tapports.com\/cozum-ortaklarimiz\/belgesert\/"]}]},{"@type":"ImageObject","inLanguage":"en-GB","@id":"https:\/\/tapports.com\/cozum-ortaklarimiz\/belgesert\/#primaryimage","url":"http:\/\/tapports.com\/wp-content\/uploads\/2025\/10\/Tapports-Siber-Guvenlik.jpg","contentUrl":"http:\/\/tapports.com\/wp-content\/uploads\/2025\/10\/Tapports-Siber-Guvenlik.jpg"},{"@type":"BreadcrumbList","@id":"https:\/\/tapports.com\/cozum-ortaklarimiz\/belgesert\/#breadcrumb","itemListElement":[{"@type":"ListItem","position":1,"name":"Home","item":"https:\/\/tapports.com\/"},{"@type":"ListItem","position":2,"name":"\u00c7\u00f6z\u00fcm Ortaklar\u0131m\u0131z","item":"https:\/\/tapports.com\/cozum-ortaklarimiz\/"},{"@type":"ListItem","position":3,"name":"Belgesert"}]},{"@type":"WebSite","@id":"https:\/\/tapports.com\/#website","url":"https:\/\/tapports.com\/","name":"TAPPORTS","description":"Teknolojik Altyap\u0131 | Operasyonel Destek | Stratejik Dan\u0131\u015fmanl\u0131k","publisher":{"@id":"https:\/\/tapports.com\/#organization"},"alternateName":"Tapports | Teknolojik Altyap\u0131 | Operasyonel Destek | Stratejik Dan\u0131\u015fmanl\u0131k","potentialAction":[{"@type":"SearchAction","target":{"@type":"EntryPoint","urlTemplate":"https:\/\/tapports.com\/?s={search_term_string}"},"query-input":{"@type":"PropertyValueSpecification","valueRequired":true,"valueName":"search_term_string"}}],"inLanguage":"en-GB"},{"@type":"Organization","@id":"https:\/\/tapports.com\/#organization","name":"Tapports","alternateName":"Tapports Global \u0130\u015f \u00c7\u00f6z\u00fcmleri","url":"https:\/\/tapports.com\/","logo":{"@type":"ImageObject","inLanguage":"en-GB","@id":"https:\/\/tapports.com\/#\/schema\/logo\/image\/","url":"https:\/\/tapports.com\/wp-content\/uploads\/2019\/10\/azazaz.png","contentUrl":"https:\/\/tapports.com\/wp-content\/uploads\/2019\/10\/azazaz.png","width":171,"height":171,"caption":"Tapports"},"image":{"@id":"https:\/\/tapports.com\/#\/schema\/logo\/image\/"},"sameAs":["https:\/\/www.instagram.com\/tapportsglobal\/","https:\/\/www.linkedin.com\/company\/tapports-d\u0131\u015f-ticaret-ve-uluslararas\u0131-i\u0307\u015f-geli\u015ftirme\/"],"description":"Tapports, teknolojik altyap\u0131, operasyonel destek ve stratejik dan\u0131\u015fmanl\u0131k hizmetleriyle i\u015fletmelere verimli ve g\u00fcvenilir \u00e7\u00f6z\u00fcmler sunar.","email":"info@tapports.com","telephone":"0 541 632 45 01","legalName":"TAPPORTS"}]}},"_links":{"self":[{"href":"https:\/\/tapports.com\/en\/wp-json\/wp\/v2\/pages\/6573","targetHints":{"allow":["GET"]}}],"collection":[{"href":"https:\/\/tapports.com\/en\/wp-json\/wp\/v2\/pages"}],"about":[{"href":"https:\/\/tapports.com\/en\/wp-json\/wp\/v2\/types\/page"}],"author":[{"embeddable":true,"href":"https:\/\/tapports.com\/en\/wp-json\/wp\/v2\/users\/3"}],"replies":[{"embeddable":true,"href":"https:\/\/tapports.com\/en\/wp-json\/wp\/v2\/comments?post=6573"}],"version-history":[{"count":7,"href":"https:\/\/tapports.com\/en\/wp-json\/wp\/v2\/pages\/6573\/revisions"}],"predecessor-version":[{"id":6586,"href":"https:\/\/tapports.com\/en\/wp-json\/wp\/v2\/pages\/6573\/revisions\/6586"}],"up":[{"embeddable":true,"href":"https:\/\/tapports.com\/en\/wp-json\/wp\/v2\/pages\/6530"}],"wp:attachment":[{"href":"https:\/\/tapports.com\/en\/wp-json\/wp\/v2\/media?parent=6573"}],"curies":[{"name":"wp","href":"https:\/\/api.w.org\/{rel}","templated":true}]}}