{"id":6587,"date":"2025-11-04T14:08:54","date_gmt":"2025-11-04T11:08:54","guid":{"rendered":"https:\/\/tapports.com\/?page_id=6587"},"modified":"2025-11-04T14:37:43","modified_gmt":"2025-11-04T11:37:43","slug":"uzman-kobi","status":"publish","type":"page","link":"https:\/\/tapports.com\/en\/cozum-ortaklarimiz\/uzman-kobi\/","title":{"rendered":"Uzman Kobi"},"content":{"rendered":"<div data-elementor-type=\"wp-page\" data-elementor-id=\"6587\" class=\"elementor elementor-6587\">\n\t\t\t\t        <section class=\"elementor-section elementor-top-section elementor-element elementor-element-34976f9 elementor-section-boxed elementor-section-height-default elementor-section-height-default ct-header-fixed-none ct-row-max-none\" data-id=\"34976f9\" data-element_type=\"section\" data-e-type=\"section\" data-settings=\"{&quot;background_background&quot;:&quot;classic&quot;}\">\n            \n                        <div class=\"elementor-container elementor-column-gap-extended\">\n                    <div class=\"elementor-column elementor-col-50 elementor-top-column elementor-element elementor-element-eb547cc\" data-id=\"eb547cc\" data-element_type=\"column\" data-e-type=\"column\">\n        <div class=\"elementor-widget-wrap elementor-element-populated\">\n                    \n        \t\t<div class=\"elementor-element elementor-element-e272da7 elementor-widget elementor-widget-image\" data-id=\"e272da7\" data-element_type=\"widget\" data-e-type=\"widget\" data-widget_type=\"image.default\">\n\t\t\t\t<div class=\"elementor-widget-container\">\n\t\t\t\t\t\t\t\t\t\t\t\t\t\t\t<img decoding=\"async\" width=\"186\" height=\"48\" src=\"https:\/\/tapports.com\/wp-content\/uploads\/2025\/11\/logo.png\" class=\"attachment-full size-full wp-image-6571\" alt=\"\" srcset=\"https:\/\/tapports.com\/wp-content\/uploads\/2025\/11\/logo.png 186w, https:\/\/tapports.com\/wp-content\/uploads\/2025\/11\/logo-18x5.png 18w\" sizes=\"(max-width: 186px) 100vw, 186px\" \/>\t\t\t\t\t\t\t\t\t\t\t\t\t\t\t<\/div>\n\t\t\t\t<\/div>\n\t\t            <\/div>\n        <\/div>\n                <div class=\"elementor-column elementor-col-50 elementor-top-column elementor-element elementor-element-7c4c2ee\" data-id=\"7c4c2ee\" data-element_type=\"column\" data-e-type=\"column\">\n        <div class=\"elementor-widget-wrap elementor-element-populated\">\n                    \n        \t\t<div class=\"elementor-element elementor-element-8766703 elementor-widget elementor-widget-ct_heading\" data-id=\"8766703\" data-element_type=\"widget\" data-e-type=\"widget\" data-widget_type=\"ct_heading.default\">\n\t\t\t\t<div class=\"elementor-widget-container\">\n\t\t\t\t\t<div id=\"ct_heading-8766703\" class=\"ct-heading h-align- sub-style1 ct-heading-left item-st-line-left2\">\r\n\t<div class=\"ct-item--inner\">\r\n        <div class=\"ct-inline-css\"  data-css=\"            \">\r\n        <\/div>\r\n                <h2 class=\"item--title st-line-left2 case-animate-time\" data-wow-delay=\"ms\">\r\n                        <span class=\"sp-main\">\r\n                                    <i><\/i>\r\n                \r\n                Uzman Kobi \u2014 KOB\u0130\u2019lerin Uzman\u0131\r\n                \r\n                            <\/span>\r\n                    <\/h2>\r\n    <\/div>\r\n<\/div>\t\t\t\t<\/div>\n\t\t\t\t<\/div>\n\t\t        <section class=\"elementor-section elementor-inner-section elementor-element elementor-element-7428711 elementor-section-boxed elementor-section-height-default elementor-section-height-default ct-header-fixed-none ct-row-max-none\" data-id=\"7428711\" data-element_type=\"section\" data-e-type=\"section\">\n            \n                        <div class=\"elementor-container elementor-column-gap-extended\">\n                    <div class=\"elementor-column elementor-col-100 elementor-inner-column elementor-element elementor-element-91738ac\" data-id=\"91738ac\" data-element_type=\"column\" data-e-type=\"column\">\n        <div class=\"elementor-widget-wrap elementor-element-populated\">\n                    \n        \t\t<div class=\"elementor-element elementor-element-8c268cd elementor-widget elementor-widget-text-editor\" data-id=\"8c268cd\" data-element_type=\"widget\" data-e-type=\"widget\" data-widget_type=\"text-editor.default\">\n\t\t\t\t<div class=\"elementor-widget-container\">\n\t\t\t\t\t\t\t\t\t<p>K\u00fc\u00e7\u00fck ve orta \u00f6l\u00e7ekli i\u015fletmelerin ihtiya\u00e7lar\u0131na y\u00f6nelik olarak; KOSGEB ve \u0130\u015eKUR te\u015fvikleri, yurti\u00e7i ve yurtd\u0131\u015f\u0131 yat\u0131r\u0131m-destekleri, marka-patent tescili, s\u00fcrd\u00fcr\u00fclebilirlik &amp; d\u00f6ng\u00fcsel ekonomi \u00e7\u00f6z\u00fcmleri gibi alanlarda hizmet veren Uzman Kobi ile \u00e7\u00f6z\u00fcm ortakl\u0131\u011f\u0131na ba\u015flad\u0131k.<\/p><p>Sekt\u00f6rel bilgi birikimi, \u00f6zelle\u015ftirilmi\u015f yakla\u015f\u0131m\u0131 ve pratik s\u00fcre\u00e7 y\u00f6netimi ile birlikte, siz de\u011ferli m\u00fc\u015fterilerimizin b\u00fcy\u00fcme yolculuklar\u0131nda \u201cyan\u0131n\u0131zda olma\u201d vizyonumuzu destekleyecek bir yap\u0131yla \u00e7al\u0131\u015f\u0131yoruz.<\/p>\t\t\t\t\t\t\t\t<\/div>\n\t\t\t\t<\/div>\n\t\t            <\/div>\n        <\/div>\n                    <\/div>\n        <\/section>\n                    <\/div>\n        <\/div>\n                    <\/div>\n        <\/section>\n        \t\t<\/div>","protected":false},"excerpt":{"rendered":"<p>Uzman Kobi \u2014 KOB\u0130\u2019lerin Uzman\u0131 K\u00fc\u00e7\u00fck ve orta \u00f6l\u00e7ekli i\u015fletmelerin ihtiya\u00e7lar\u0131na y\u00f6nelik olarak; KOSGEB ve \u0130\u015eKUR te\u015fvikleri, yurti\u00e7i ve yurtd\u0131\u015f\u0131 yat\u0131r\u0131m-destekleri, marka-patent tescili, s\u00fcrd\u00fcr\u00fclebilirlik &amp; d\u00f6ng\u00fcsel ekonomi \u00e7\u00f6z\u00fcmleri gibi alanlarda hizmet veren Uzman Kobi ile \u00e7\u00f6z\u00fcm ortakl\u0131\u011f\u0131na ba\u015flad\u0131k. Sekt\u00f6rel bilgi birikimi, \u00f6zelle\u015ftirilmi\u015f yakla\u015f\u0131m\u0131 ve pratik s\u00fcre\u00e7 y\u00f6netimi ile birlikte, siz de\u011ferli m\u00fc\u015fterilerimizin b\u00fcy\u00fcme yolculuklar\u0131nda \u201cyan\u0131n\u0131zda [&hellip;]<\/p>","protected":false},"author":3,"featured_media":0,"parent":6530,"menu_order":0,"comment_status":"closed","ping_status":"closed","template":"","meta":{"footnotes":""},"class_list":["post-6587","page","type-page","status-publish","hentry"],"yoast_head":"<!-- This site is optimized with the Yoast SEO Premium plugin v22.5 (Yoast SEO v25.0) - https:\/\/yoast.com\/wordpress\/plugins\/seo\/ -->\n<title>Uzman Kobi - TAPPORTS<\/title>\n<meta name=\"robots\" content=\"index, follow, max-snippet:-1, max-image-preview:large, max-video-preview:-1\" \/>\n<link rel=\"canonical\" href=\"https:\/\/tapports.com\/en\/cozum-ortaklarimiz\/uzman-kobi\/\" \/>\n<meta property=\"og:locale\" content=\"en_GB\" \/>\n<meta property=\"og:type\" content=\"article\" \/>\n<meta property=\"og:title\" content=\"Uzman Kobi\" \/>\n<meta property=\"og:description\" content=\"Uzman Kobi \u2014 KOB\u0130\u2019lerin Uzman\u0131 K\u00fc\u00e7\u00fck ve orta \u00f6l\u00e7ekli i\u015fletmelerin ihtiya\u00e7lar\u0131na y\u00f6nelik olarak; KOSGEB ve \u0130\u015eKUR te\u015fvikleri, yurti\u00e7i ve yurtd\u0131\u015f\u0131 yat\u0131r\u0131m-destekleri, marka-patent tescili, s\u00fcrd\u00fcr\u00fclebilirlik &amp; d\u00f6ng\u00fcsel ekonomi \u00e7\u00f6z\u00fcmleri gibi alanlarda hizmet veren Uzman Kobi ile \u00e7\u00f6z\u00fcm ortakl\u0131\u011f\u0131na ba\u015flad\u0131k. Sekt\u00f6rel bilgi birikimi, \u00f6zelle\u015ftirilmi\u015f yakla\u015f\u0131m\u0131 ve pratik s\u00fcre\u00e7 y\u00f6netimi ile birlikte, siz de\u011ferli m\u00fc\u015fterilerimizin b\u00fcy\u00fcme yolculuklar\u0131nda \u201cyan\u0131n\u0131zda [&hellip;]\" \/>\n<meta property=\"og:url\" content=\"https:\/\/tapports.com\/en\/cozum-ortaklarimiz\/uzman-kobi\/\" \/>\n<meta property=\"og:site_name\" content=\"TAPPORTS\" \/>\n<meta property=\"article:modified_time\" content=\"2025-11-04T11:37:43+00:00\" \/>\n<meta property=\"og:image\" content=\"http:\/\/tapports.com\/wp-content\/uploads\/2025\/11\/logo.png\" \/>\n<meta name=\"twitter:card\" content=\"summary_large_image\" \/>\n<meta name=\"twitter:label1\" content=\"Estimated reading time\" \/>\n\t<meta name=\"twitter:data1\" content=\"1 minute\" \/>\n<script type=\"application\/ld+json\" class=\"yoast-schema-graph\">{\"@context\":\"https:\/\/schema.org\",\"@graph\":[{\"@type\":\"WebPage\",\"@id\":\"https:\/\/tapports.com\/cozum-ortaklarimiz\/uzman-kobi\/\",\"url\":\"https:\/\/tapports.com\/cozum-ortaklarimiz\/uzman-kobi\/\",\"name\":\"Uzman Kobi - TAPPORTS\",\"isPartOf\":{\"@id\":\"https:\/\/tapports.com\/#website\"},\"primaryImageOfPage\":{\"@id\":\"https:\/\/tapports.com\/cozum-ortaklarimiz\/uzman-kobi\/#primaryimage\"},\"image\":{\"@id\":\"https:\/\/tapports.com\/cozum-ortaklarimiz\/uzman-kobi\/#primaryimage\"},\"thumbnailUrl\":\"http:\/\/tapports.com\/wp-content\/uploads\/2025\/11\/logo.png\",\"datePublished\":\"2025-11-04T11:08:54+00:00\",\"dateModified\":\"2025-11-04T11:37:43+00:00\",\"breadcrumb\":{\"@id\":\"https:\/\/tapports.com\/cozum-ortaklarimiz\/uzman-kobi\/#breadcrumb\"},\"inLanguage\":\"en-GB\",\"potentialAction\":[{\"@type\":\"ReadAction\",\"target\":[\"https:\/\/tapports.com\/cozum-ortaklarimiz\/uzman-kobi\/\"]}]},{\"@type\":\"ImageObject\",\"inLanguage\":\"en-GB\",\"@id\":\"https:\/\/tapports.com\/cozum-ortaklarimiz\/uzman-kobi\/#primaryimage\",\"url\":\"http:\/\/tapports.com\/wp-content\/uploads\/2025\/11\/logo.png\",\"contentUrl\":\"http:\/\/tapports.com\/wp-content\/uploads\/2025\/11\/logo.png\"},{\"@type\":\"BreadcrumbList\",\"@id\":\"https:\/\/tapports.com\/cozum-ortaklarimiz\/uzman-kobi\/#breadcrumb\",\"itemListElement\":[{\"@type\":\"ListItem\",\"position\":1,\"name\":\"Home\",\"item\":\"https:\/\/tapports.com\/\"},{\"@type\":\"ListItem\",\"position\":2,\"name\":\"\u00c7\u00f6z\u00fcm Ortaklar\u0131m\u0131z\",\"item\":\"https:\/\/tapports.com\/cozum-ortaklarimiz\/\"},{\"@type\":\"ListItem\",\"position\":3,\"name\":\"Uzman Kobi\"}]},{\"@type\":\"WebSite\",\"@id\":\"https:\/\/tapports.com\/#website\",\"url\":\"https:\/\/tapports.com\/\",\"name\":\"TAPPORTS\",\"description\":\"Teknolojik Altyap\u0131 | Operasyonel Destek | Stratejik Dan\u0131\u015fmanl\u0131k\",\"publisher\":{\"@id\":\"https:\/\/tapports.com\/#organization\"},\"alternateName\":\"Tapports | Teknolojik Altyap\u0131 | Operasyonel Destek | Stratejik Dan\u0131\u015fmanl\u0131k\",\"potentialAction\":[{\"@type\":\"SearchAction\",\"target\":{\"@type\":\"EntryPoint\",\"urlTemplate\":\"https:\/\/tapports.com\/?s={search_term_string}\"},\"query-input\":{\"@type\":\"PropertyValueSpecification\",\"valueRequired\":true,\"valueName\":\"search_term_string\"}}],\"inLanguage\":\"en-GB\"},{\"@type\":\"Organization\",\"@id\":\"https:\/\/tapports.com\/#organization\",\"name\":\"Tapports\",\"alternateName\":\"Tapports Global \u0130\u015f \u00c7\u00f6z\u00fcmleri\",\"url\":\"https:\/\/tapports.com\/\",\"logo\":{\"@type\":\"ImageObject\",\"inLanguage\":\"en-GB\",\"@id\":\"https:\/\/tapports.com\/#\/schema\/logo\/image\/\",\"url\":\"https:\/\/tapports.com\/wp-content\/uploads\/2019\/10\/azazaz.png\",\"contentUrl\":\"https:\/\/tapports.com\/wp-content\/uploads\/2019\/10\/azazaz.png\",\"width\":171,\"height\":171,\"caption\":\"Tapports\"},\"image\":{\"@id\":\"https:\/\/tapports.com\/#\/schema\/logo\/image\/\"},\"sameAs\":[\"https:\/\/www.instagram.com\/tapportsglobal\/\",\"https:\/\/www.linkedin.com\/company\/tapports-d\u0131\u015f-ticaret-ve-uluslararas\u0131-i\u0307\u015f-geli\u015ftirme\/\"],\"description\":\"Tapports, teknolojik altyap\u0131, operasyonel destek ve stratejik dan\u0131\u015fmanl\u0131k hizmetleriyle i\u015fletmelere verimli ve g\u00fcvenilir \u00e7\u00f6z\u00fcmler sunar.\",\"email\":\"info@tapports.com\",\"telephone\":\"0 541 632 45 01\",\"legalName\":\"TAPPORTS\"}]}<\/script>\n<!-- \/ Yoast SEO Premium plugin. -->","yoast_head_json":{"title":"Uzman Kobi - TAPPORTS","robots":{"index":"index","follow":"follow","max-snippet":"max-snippet:-1","max-image-preview":"max-image-preview:large","max-video-preview":"max-video-preview:-1"},"canonical":"https:\/\/tapports.com\/en\/cozum-ortaklarimiz\/uzman-kobi\/","og_locale":"en_GB","og_type":"article","og_title":"Uzman Kobi","og_description":"Uzman Kobi \u2014 KOB\u0130\u2019lerin Uzman\u0131 K\u00fc\u00e7\u00fck ve orta \u00f6l\u00e7ekli i\u015fletmelerin ihtiya\u00e7lar\u0131na y\u00f6nelik olarak; KOSGEB ve \u0130\u015eKUR te\u015fvikleri, yurti\u00e7i ve yurtd\u0131\u015f\u0131 yat\u0131r\u0131m-destekleri, marka-patent tescili, s\u00fcrd\u00fcr\u00fclebilirlik &amp; d\u00f6ng\u00fcsel ekonomi \u00e7\u00f6z\u00fcmleri gibi alanlarda hizmet veren Uzman Kobi ile \u00e7\u00f6z\u00fcm ortakl\u0131\u011f\u0131na ba\u015flad\u0131k. Sekt\u00f6rel bilgi birikimi, \u00f6zelle\u015ftirilmi\u015f yakla\u015f\u0131m\u0131 ve pratik s\u00fcre\u00e7 y\u00f6netimi ile birlikte, siz de\u011ferli m\u00fc\u015fterilerimizin b\u00fcy\u00fcme yolculuklar\u0131nda \u201cyan\u0131n\u0131zda [&hellip;]","og_url":"https:\/\/tapports.com\/en\/cozum-ortaklarimiz\/uzman-kobi\/","og_site_name":"TAPPORTS","article_modified_time":"2025-11-04T11:37:43+00:00","og_image":[{"url":"http:\/\/tapports.com\/wp-content\/uploads\/2025\/11\/logo.png","type":"","width":"","height":""}],"twitter_card":"summary_large_image","twitter_misc":{"Estimated reading time":"1 minute"},"schema":{"@context":"https:\/\/schema.org","@graph":[{"@type":"WebPage","@id":"https:\/\/tapports.com\/cozum-ortaklarimiz\/uzman-kobi\/","url":"https:\/\/tapports.com\/cozum-ortaklarimiz\/uzman-kobi\/","name":"Uzman Kobi - TAPPORTS","isPartOf":{"@id":"https:\/\/tapports.com\/#website"},"primaryImageOfPage":{"@id":"https:\/\/tapports.com\/cozum-ortaklarimiz\/uzman-kobi\/#primaryimage"},"image":{"@id":"https:\/\/tapports.com\/cozum-ortaklarimiz\/uzman-kobi\/#primaryimage"},"thumbnailUrl":"http:\/\/tapports.com\/wp-content\/uploads\/2025\/11\/logo.png","datePublished":"2025-11-04T11:08:54+00:00","dateModified":"2025-11-04T11:37:43+00:00","breadcrumb":{"@id":"https:\/\/tapports.com\/cozum-ortaklarimiz\/uzman-kobi\/#breadcrumb"},"inLanguage":"en-GB","potentialAction":[{"@type":"ReadAction","target":["https:\/\/tapports.com\/cozum-ortaklarimiz\/uzman-kobi\/"]}]},{"@type":"ImageObject","inLanguage":"en-GB","@id":"https:\/\/tapports.com\/cozum-ortaklarimiz\/uzman-kobi\/#primaryimage","url":"http:\/\/tapports.com\/wp-content\/uploads\/2025\/11\/logo.png","contentUrl":"http:\/\/tapports.com\/wp-content\/uploads\/2025\/11\/logo.png"},{"@type":"BreadcrumbList","@id":"https:\/\/tapports.com\/cozum-ortaklarimiz\/uzman-kobi\/#breadcrumb","itemListElement":[{"@type":"ListItem","position":1,"name":"Home","item":"https:\/\/tapports.com\/"},{"@type":"ListItem","position":2,"name":"\u00c7\u00f6z\u00fcm Ortaklar\u0131m\u0131z","item":"https:\/\/tapports.com\/cozum-ortaklarimiz\/"},{"@type":"ListItem","position":3,"name":"Uzman Kobi"}]},{"@type":"WebSite","@id":"https:\/\/tapports.com\/#website","url":"https:\/\/tapports.com\/","name":"TAPPORTS","description":"Teknolojik Altyap\u0131 | Operasyonel Destek | Stratejik Dan\u0131\u015fmanl\u0131k","publisher":{"@id":"https:\/\/tapports.com\/#organization"},"alternateName":"Tapports | Teknolojik Altyap\u0131 | Operasyonel Destek | Stratejik Dan\u0131\u015fmanl\u0131k","potentialAction":[{"@type":"SearchAction","target":{"@type":"EntryPoint","urlTemplate":"https:\/\/tapports.com\/?s={search_term_string}"},"query-input":{"@type":"PropertyValueSpecification","valueRequired":true,"valueName":"search_term_string"}}],"inLanguage":"en-GB"},{"@type":"Organization","@id":"https:\/\/tapports.com\/#organization","name":"Tapports","alternateName":"Tapports Global \u0130\u015f \u00c7\u00f6z\u00fcmleri","url":"https:\/\/tapports.com\/","logo":{"@type":"ImageObject","inLanguage":"en-GB","@id":"https:\/\/tapports.com\/#\/schema\/logo\/image\/","url":"https:\/\/tapports.com\/wp-content\/uploads\/2019\/10\/azazaz.png","contentUrl":"https:\/\/tapports.com\/wp-content\/uploads\/2019\/10\/azazaz.png","width":171,"height":171,"caption":"Tapports"},"image":{"@id":"https:\/\/tapports.com\/#\/schema\/logo\/image\/"},"sameAs":["https:\/\/www.instagram.com\/tapportsglobal\/","https:\/\/www.linkedin.com\/company\/tapports-d\u0131\u015f-ticaret-ve-uluslararas\u0131-i\u0307\u015f-geli\u015ftirme\/"],"description":"Tapports, teknolojik altyap\u0131, operasyonel destek ve stratejik dan\u0131\u015fmanl\u0131k hizmetleriyle i\u015fletmelere verimli ve g\u00fcvenilir \u00e7\u00f6z\u00fcmler sunar.","email":"info@tapports.com","telephone":"0 541 632 45 01","legalName":"TAPPORTS"}]}},"_links":{"self":[{"href":"https:\/\/tapports.com\/en\/wp-json\/wp\/v2\/pages\/6587","targetHints":{"allow":["GET"]}}],"collection":[{"href":"https:\/\/tapports.com\/en\/wp-json\/wp\/v2\/pages"}],"about":[{"href":"https:\/\/tapports.com\/en\/wp-json\/wp\/v2\/types\/page"}],"author":[{"embeddable":true,"href":"https:\/\/tapports.com\/en\/wp-json\/wp\/v2\/users\/3"}],"replies":[{"embeddable":true,"href":"https:\/\/tapports.com\/en\/wp-json\/wp\/v2\/comments?post=6587"}],"version-history":[{"count":10,"href":"https:\/\/tapports.com\/en\/wp-json\/wp\/v2\/pages\/6587\/revisions"}],"predecessor-version":[{"id":6607,"href":"https:\/\/tapports.com\/en\/wp-json\/wp\/v2\/pages\/6587\/revisions\/6607"}],"up":[{"embeddable":true,"href":"https:\/\/tapports.com\/en\/wp-json\/wp\/v2\/pages\/6530"}],"wp:attachment":[{"href":"https:\/\/tapports.com\/en\/wp-json\/wp\/v2\/media?parent=6587"}],"curies":[{"name":"wp","href":"https:\/\/api.w.org\/{rel}","templated":true}]}}